{"id":3902,"date":"2026-02-12T10:44:15","date_gmt":"2026-02-12T13:44:15","guid":{"rendered":"https:\/\/infomesq.com.br\/aluguel\/?page_id=3902"},"modified":"2026-02-12T10:59:38","modified_gmt":"2026-02-12T13:59:38","slug":"calculadora-internet-eventos","status":"publish","type":"page","link":"https:\/\/infomesq.com.br\/aluguel\/calculadora-internet-eventos\/","title":{"rendered":"Calculadora de internet para eventos"},"content":{"rendered":"\t\t<div data-elementor-type=\"wp-page\" data-elementor-id=\"3902\" class=\"elementor elementor-3902\">\n\t\t\t\t\t\t<section class=\"elementor-section elementor-top-section elementor-element elementor-element-1e6f3d9 elementor-section-boxed elementor-section-height-default elementor-section-height-default\" data-id=\"1e6f3d9\" data-element_type=\"section\" data-e-type=\"section\">\n\t\t\t\t\t\t<div class=\"elementor-container elementor-column-gap-default\">\n\t\t\t\t\t<div class=\"elementor-column elementor-col-100 elementor-top-column elementor-element elementor-element-0d647c2\" data-id=\"0d647c2\" data-element_type=\"column\" data-e-type=\"column\">\n\t\t\t<div class=\"elementor-widget-wrap elementor-element-populated\">\n\t\t\t\t\t\t<div class=\"elementor-element elementor-element-d5b3320 elementor-widget elementor-widget-heading\" data-id=\"d5b3320\" data-element_type=\"widget\" data-e-type=\"widget\" data-widget_type=\"heading.default\">\n\t\t\t\t<div class=\"elementor-widget-container\">\n\t\t\t\t\t<h2 class=\"elementor-heading-title elementor-size-default\">Quantos Mbps voc\u00ea precisa no seu evento?<\/h2>\t\t\t\t<\/div>\n\t\t\t\t<\/div>\n\t\t\t\t\t<\/div>\n\t\t<\/div>\n\t\t\t\t\t<\/div>\n\t\t<\/section>\n\t\t\t\t<section class=\"elementor-section elementor-top-section elementor-element elementor-element-6de24342 elementor-section-boxed elementor-section-height-default elementor-section-height-default\" data-id=\"6de24342\" data-element_type=\"section\" data-e-type=\"section\">\n\t\t\t\t\t\t<div class=\"elementor-container elementor-column-gap-default\">\n\t\t\t\t\t<div class=\"elementor-column elementor-col-100 elementor-top-column elementor-element elementor-element-12ef2902\" data-id=\"12ef2902\" data-element_type=\"column\" data-e-type=\"column\">\n\t\t\t<div class=\"elementor-widget-wrap elementor-element-populated\">\n\t\t\t\t\t\t<div class=\"elementor-element elementor-element-1ddc350 elementor-widget elementor-widget-text-editor\" data-id=\"1ddc350\" data-element_type=\"widget\" data-e-type=\"widget\" data-widget_type=\"text-editor.default\">\n\t\t\t\t<div class=\"elementor-widget-container\">\n\t\t\t\t\t\t\t\t\t<p><\/p>\n<p><span style=\"font-style: inherit; font-weight: inherit;\">Planejar internet para eventos pode ser complicado \u2014 e errar na estimativa pode causar quedas, filas em maquininhas, transmiss\u00f5es inst\u00e1veis e experi\u00eancias ruins para o p\u00fablico.<\/span><\/p>\n<p><\/p>\n<p>A Calculadora de Internet para Eventos da Infomesq ajuda voc\u00ea a estimar rapidamente:<\/p>\n<p><\/p>\n<p><img decoding=\"async\" class=\"emoji\" role=\"img\" draggable=\"false\" src=\"https:\/\/s.w.org\/images\/core\/emoji\/17.0.2\/svg\/2705.svg\" alt=\"\u2705\" \/> Velocidade recomendada (download e upload)<br \/><img decoding=\"async\" class=\"emoji\" role=\"img\" draggable=\"false\" src=\"https:\/\/s.w.org\/images\/core\/emoji\/17.0.2\/svg\/2705.svg\" alt=\"\u2705\" \/> Quantidade ideal de Starlink ou links necess\u00e1rios<br \/><img decoding=\"async\" class=\"emoji\" role=\"img\" draggable=\"false\" src=\"https:\/\/s.w.org\/images\/core\/emoji\/17.0.2\/svg\/2705.svg\" alt=\"\u2705\" \/> Pontos Wi-Fi sugeridos conforme o perfil do evento<br \/><img decoding=\"async\" class=\"emoji\" role=\"img\" draggable=\"false\" src=\"https:\/\/s.w.org\/images\/core\/emoji\/17.0.2\/svg\/2705.svg\" alt=\"\u2705\" \/> Margem de estabilidade para transa\u00e7\u00f5es (Cart\u00f5es\/PIX) e transmiss\u00e3o ao vivo<\/p>\n<p><\/p>\n<p>Em poucos segundos voc\u00ea obt\u00e9m uma recomenda\u00e7\u00e3o t\u00e9cnica baseada em boas pr\u00e1ticas reais de eventos.<\/p>\n<p><\/p>\t\t\t\t\t\t\t\t<\/div>\n\t\t\t\t<\/div>\n\t\t\t\t\t<\/div>\n\t\t<\/div>\n\t\t\t\t\t<\/div>\n\t\t<\/section>\n\t\t\t\t<section class=\"elementor-section elementor-top-section elementor-element elementor-element-bf3a72d elementor-section-boxed elementor-section-height-default elementor-section-height-default\" data-id=\"bf3a72d\" data-element_type=\"section\" data-e-type=\"section\">\n\t\t\t\t\t\t<div class=\"elementor-container elementor-column-gap-default\">\n\t\t\t\t\t<div class=\"elementor-column elementor-col-100 elementor-top-column elementor-element elementor-element-316ff3e\" data-id=\"316ff3e\" data-element_type=\"column\" data-e-type=\"column\">\n\t\t\t<div class=\"elementor-widget-wrap elementor-element-populated\">\n\t\t\t\t\t\t<div class=\"elementor-element elementor-element-59407bc elementor-align-center elementor-widget elementor-widget-button\" data-id=\"59407bc\" data-element_type=\"widget\" data-e-type=\"widget\" data-widget_type=\"button.default\">\n\t\t\t\t<div class=\"elementor-widget-container\">\n\t\t\t\t\t\t\t\t\t<div class=\"elementor-button-wrapper\">\n\t\t\t\t\t<a class=\"elementor-button elementor-button-link elementor-size-sm\" href=\"https:\/\/infomesq.com.br\/apps\/calculadora-internet-eventos\">\n\t\t\t\t\t\t<span class=\"elementor-button-content-wrapper\">\n\t\t\t\t\t\t\t\t\t<span class=\"elementor-button-text\">\ud83d\udc49 Abrir calculadora gratuita<\/span>\n\t\t\t\t\t<\/span>\n\t\t\t\t\t<\/a>\n\t\t\t\t<\/div>\n\t\t\t\t\t\t\t\t<\/div>\n\t\t\t\t<\/div>\n\t\t\t\t\t<\/div>\n\t\t<\/div>\n\t\t\t\t\t<\/div>\n\t\t<\/section>\n\t\t\t\t<section class=\"elementor-section elementor-top-section elementor-element elementor-element-01265a4 elementor-section-boxed elementor-section-height-default elementor-section-height-default\" data-id=\"01265a4\" data-element_type=\"section\" data-e-type=\"section\">\n\t\t\t\t\t\t<div class=\"elementor-container elementor-column-gap-default\">\n\t\t\t\t\t<div class=\"elementor-column elementor-col-100 elementor-top-column elementor-element elementor-element-9bba5d4\" data-id=\"9bba5d4\" data-element_type=\"column\" data-e-type=\"column\">\n\t\t\t<div class=\"elementor-widget-wrap elementor-element-populated\">\n\t\t\t\t\t\t<div class=\"elementor-element elementor-element-0774938 elementor-widget elementor-widget-text-editor\" data-id=\"0774938\" data-element_type=\"widget\" data-e-type=\"widget\" data-widget_type=\"text-editor.default\">\n\t\t\t\t<div class=\"elementor-widget-container\">\n\t\t\t\t\t\t\t\t\t<p data-start=\"1044\" data-end=\"1067\"><strong>Exemplos pr\u00e1ticos<\/strong><\/p>\n<p data-start=\"1069\" data-end=\"1104\"><img decoding=\"async\" class=\"emoji\" role=\"img\" draggable=\"false\" src=\"https:\/\/s.w.org\/images\/core\/emoji\/17.0.2\/svg\/1f48d.svg\" alt=\"\ud83d\udc8d\" \/> Casamentos e eventos sociais<br \/><span style=\"font-style: inherit; font-weight: inherit;\">Dimensione Wi-Fi para convidados compartilharem fotos e v\u00eddeos sem travamentos.<\/span><\/p>\n<p data-start=\"1186\" data-end=\"1222\"><img decoding=\"async\" class=\"emoji\" role=\"img\" draggable=\"false\" src=\"https:\/\/s.w.org\/images\/core\/emoji\/17.0.2\/svg\/1f3e2.svg\" alt=\"\ud83c\udfe2\" \/> Feiras e eventos corporativos<br \/><span style=\"font-style: inherit; font-weight: inherit;\">Garanta internet est\u00e1vel para expositores, pagamentos e transmiss\u00f5es.<\/span><\/p>\n<p data-start=\"1294\" data-end=\"1328\"><img decoding=\"async\" class=\"emoji\" role=\"img\" draggable=\"false\" src=\"https:\/\/s.w.org\/images\/core\/emoji\/17.0.2\/svg\/1f3b5.svg\" alt=\"\ud83c\udfb5\" \/> Shows e eventos ao ar livre<br \/><span style=\"font-style: inherit; font-weight: inherit;\">Calcule a infraestrutura necess\u00e1ria para grandes p\u00fablicos e ambientes externos.<\/span><\/p>\t\t\t\t\t\t\t\t<\/div>\n\t\t\t\t<\/div>\n\t\t\t\t\t<\/div>\n\t\t<\/div>\n\t\t\t\t\t<\/div>\n\t\t<\/section>\n\t\t\t\t<section class=\"elementor-section elementor-top-section elementor-element elementor-element-55abc4f elementor-section-boxed elementor-section-height-default elementor-section-height-default\" data-id=\"55abc4f\" data-element_type=\"section\" data-e-type=\"section\">\n\t\t\t\t\t\t<div class=\"elementor-container elementor-column-gap-default\">\n\t\t\t\t\t<div class=\"elementor-column elementor-col-100 elementor-top-column elementor-element elementor-element-1857fb8\" data-id=\"1857fb8\" data-element_type=\"column\" data-e-type=\"column\">\n\t\t\t<div class=\"elementor-widget-wrap elementor-element-populated\">\n\t\t\t\t\t\t<div class=\"elementor-element elementor-element-eca0da1 elementor-widget elementor-widget-text-editor\" data-id=\"eca0da1\" data-element_type=\"widget\" data-e-type=\"widget\" data-widget_type=\"text-editor.default\">\n\t\t\t\t<div class=\"elementor-widget-container\">\n\t\t\t\t\t\t\t\t\t<h2 data-start=\"1415\" data-end=\"1433\"><img decoding=\"async\" class=\"emoji\" role=\"img\" draggable=\"false\" src=\"https:\/\/s.w.org\/images\/core\/emoji\/17.0.2\/svg\/2b50.svg\" alt=\"\u2b50\" \/>\u00a0<span style=\"font-size: 16px; font-style: inherit; font-weight: inherit; color: #111111; font-family: Tahoma, sans-serif;\">Quer que a Infomesq entregue tudo pronto?<\/span><\/h2>\n<p data-start=\"1478\" data-end=\"1515\">N\u00f3s cuidamos da implanta\u00e7\u00e3o completa:<\/p>\n<p data-start=\"1517\" data-end=\"1628\"><img decoding=\"async\" class=\"emoji\" role=\"img\" draggable=\"false\" src=\"https:\/\/s.w.org\/images\/core\/emoji\/17.0.2\/svg\/2714.svg\" alt=\"\u2714\ufe0f\" \/> Internet via Starlink<br data-start=\"1541\" data-end=\"1544\" \/><img decoding=\"async\" class=\"emoji\" role=\"img\" draggable=\"false\" src=\"https:\/\/s.w.org\/images\/core\/emoji\/17.0.2\/svg\/2714.svg\" alt=\"\u2714\ufe0f\" \/> Estrutura Wi-Fi profissional<br data-start=\"1575\" data-end=\"1578\" \/><img decoding=\"async\" class=\"emoji\" role=\"img\" draggable=\"false\" src=\"https:\/\/s.w.org\/images\/core\/emoji\/17.0.2\/svg\/2714.svg\" alt=\"\u2714\ufe0f\" \/> Configura\u00e7\u00e3o e suporte t\u00e9cnico durante o evento<\/p>\n<p data-start=\"1630\" data-end=\"1663\"><img decoding=\"async\" class=\"emoji\" role=\"img\" draggable=\"false\" src=\"https:\/\/s.w.org\/images\/core\/emoji\/17.0.2\/svg\/1f449.svg\" alt=\"\ud83d\udc49\" \/>\u00a0<a style=\"background-color: #ffffff;\" href=\"http:\/\/www.infomesq.com.br\/aluguel\" target=\"_blank\" rel=\"noopener\">Solicitar or\u00e7amento r\u00e1pido<\/a><\/p>\t\t\t\t\t\t\t\t<\/div>\n\t\t\t\t<\/div>\n\t\t\t\t\t<\/div>\n\t\t<\/div>\n\t\t\t\t\t<\/div>\n\t\t<\/section>\n\t\t\t\t<section class=\"elementor-section elementor-top-section elementor-element elementor-element-9c873c4 elementor-section-boxed elementor-section-height-default elementor-section-height-default\" data-id=\"9c873c4\" data-element_type=\"section\" data-e-type=\"section\">\n\t\t\t\t\t\t<div class=\"elementor-container elementor-column-gap-default\">\n\t\t\t\t\t<div class=\"elementor-column elementor-col-100 elementor-top-column elementor-element elementor-element-a9f19a0\" data-id=\"a9f19a0\" data-element_type=\"column\" data-e-type=\"column\">\n\t\t\t<div class=\"elementor-widget-wrap elementor-element-populated\">\n\t\t\t\t\t\t<div class=\"elementor-element elementor-element-ad04a0c elementor-align-center elementor-widget elementor-widget-button\" data-id=\"ad04a0c\" data-element_type=\"widget\" data-e-type=\"widget\" data-widget_type=\"button.default\">\n\t\t\t\t<div class=\"elementor-widget-container\">\n\t\t\t\t\t\t\t\t\t<div class=\"elementor-button-wrapper\">\n\t\t\t\t\t<a class=\"elementor-button elementor-button-link elementor-size-sm\" href=\"https:\/\/infomesq.com.br\/apps\/calculadora-internet-eventos\">\n\t\t\t\t\t\t<span class=\"elementor-button-content-wrapper\">\n\t\t\t\t\t\t\t\t\t<span class=\"elementor-button-text\">\ud83d\udc49 Abrir calculadora gratuita<\/span>\n\t\t\t\t\t<\/span>\n\t\t\t\t\t<\/a>\n\t\t\t\t<\/div>\n\t\t\t\t\t\t\t\t<\/div>\n\t\t\t\t<\/div>\n\t\t\t\t\t<\/div>\n\t\t<\/div>\n\t\t\t\t\t<\/div>\n\t\t<\/section>\n\t\t\t\t<\/div>\n\t\t","protected":false},"excerpt":{"rendered":"<p>Quantos Mbps voc\u00ea precisa no seu evento? Planejar internet para eventos pode ser complicado \u2014 e errar na estimativa pode causar quedas, filas em maquininhas, transmiss\u00f5es inst\u00e1veis e experi\u00eancias ruins para o p\u00fablico. A Calculadora de Internet para Eventos da Infomesq ajuda voc\u00ea a estimar rapidamente: Velocidade recomendada (download e upload) Quantidade ideal de Starlink [&hellip;]<\/p>\n","protected":false},"author":1,"featured_media":0,"parent":0,"menu_order":0,"comment_status":"closed","ping_status":"closed","template":"","meta":{"zakra_page_container_layout":"customizer","zakra_page_sidebar_layout":"customizer","zakra_remove_content_margin":false,"zakra_sidebar":"customizer","zakra_transparent_header":"customizer","zakra_logo":0,"zakra_main_header_style":"default","zakra_menu_item_color":"","zakra_menu_item_hover_color":"","zakra_menu_item_active_color":"","zakra_menu_active_style":"","zakra_page_header":true,"_joinchat":[],"footnotes":""},"class_list":["post-3902","page","type-page","status-publish","hentry"],"_links":{"self":[{"href":"https:\/\/infomesq.com.br\/aluguel\/wp-json\/wp\/v2\/pages\/3902","targetHints":{"allow":["GET"]}}],"collection":[{"href":"https:\/\/infomesq.com.br\/aluguel\/wp-json\/wp\/v2\/pages"}],"about":[{"href":"https:\/\/infomesq.com.br\/aluguel\/wp-json\/wp\/v2\/types\/page"}],"author":[{"embeddable":true,"href":"https:\/\/infomesq.com.br\/aluguel\/wp-json\/wp\/v2\/users\/1"}],"replies":[{"embeddable":true,"href":"https:\/\/infomesq.com.br\/aluguel\/wp-json\/wp\/v2\/comments?post=3902"}],"version-history":[{"count":5,"href":"https:\/\/infomesq.com.br\/aluguel\/wp-json\/wp\/v2\/pages\/3902\/revisions"}],"predecessor-version":[{"id":3907,"href":"https:\/\/infomesq.com.br\/aluguel\/wp-json\/wp\/v2\/pages\/3902\/revisions\/3907"}],"wp:attachment":[{"href":"https:\/\/infomesq.com.br\/aluguel\/wp-json\/wp\/v2\/media?parent=3902"}],"curies":[{"name":"wp","href":"https:\/\/api.w.org\/{rel}","templated":true}]}}