{"id":2681,"date":"2022-09-02T12:01:31","date_gmt":"2022-09-02T15:01:31","guid":{"rendered":"https:\/\/infomesq.com.br\/aluguel\/?page_id=2681"},"modified":"2022-09-02T12:02:15","modified_gmt":"2022-09-02T15:02:15","slug":"aluguel-de-tvs-em-canoas","status":"publish","type":"page","link":"https:\/\/infomesq.com.br\/aluguel\/aluguel-de-tvs-em-canoas\/","title":{"rendered":"Aluguel de Tvs em Canoas"},"content":{"rendered":"\t\t<div data-elementor-type=\"wp-page\" data-elementor-id=\"2681\" class=\"elementor elementor-2681\">\n\t\t\t\t\t\t<section class=\"elementor-section elementor-top-section elementor-element elementor-element-6967a17 elementor-section-boxed elementor-section-height-default elementor-section-height-default\" data-id=\"6967a17\" data-element_type=\"section\" data-e-type=\"section\">\n\t\t\t\t\t\t<div class=\"elementor-container elementor-column-gap-default\">\n\t\t\t\t\t<div class=\"elementor-column elementor-col-66 elementor-top-column elementor-element elementor-element-38a8c23\" data-id=\"38a8c23\" data-element_type=\"column\" data-e-type=\"column\">\n\t\t\t<div class=\"elementor-widget-wrap elementor-element-populated\">\n\t\t\t\t\t\t<div class=\"elementor-element elementor-element-03ae037 elementor-widget elementor-widget-image\" data-id=\"03ae037\" data-element_type=\"widget\" data-e-type=\"widget\" data-widget_type=\"image.default\">\n\t\t\t\t<div class=\"elementor-widget-container\">\n\t\t\t\t\t\t\t\t\t\t\t\t\t\t\t<img fetchpriority=\"high\" decoding=\"async\" width=\"800\" height=\"450\" src=\"https:\/\/infomesq.com.br\/aluguel\/wp-content\/uploads\/2022\/08\/aluguel-de-tv-g-infomesq.jpg\" class=\"attachment-large size-large wp-image-2595\" alt=\"\" srcset=\"https:\/\/infomesq.com.br\/aluguel\/wp-content\/uploads\/2022\/08\/aluguel-de-tv-g-infomesq.jpg 800w, https:\/\/infomesq.com.br\/aluguel\/wp-content\/uploads\/2022\/08\/aluguel-de-tv-g-infomesq-300x169.jpg 300w, https:\/\/infomesq.com.br\/aluguel\/wp-content\/uploads\/2022\/08\/aluguel-de-tv-g-infomesq-768x432.jpg 768w\" sizes=\"(max-width: 800px) 100vw, 800px\" \/>\t\t\t\t\t\t\t\t\t\t\t\t\t\t\t<\/div>\n\t\t\t\t<\/div>\n\t\t\t\t<div class=\"elementor-element elementor-element-12b4a5a elementor-widget elementor-widget-heading\" data-id=\"12b4a5a\" data-element_type=\"widget\" data-e-type=\"widget\" data-widget_type=\"heading.default\">\n\t\t\t\t<div class=\"elementor-widget-container\">\n\t\t\t\t\t<h2 class=\"elementor-heading-title elementor-size-default\">Alugar TVs em Canoas pelo site \u00e9 r\u00e1pido e f\u00e1cil, acesse nossa loja agora.<br><\/h2>\t\t\t\t<\/div>\n\t\t\t\t<\/div>\n\t\t\t\t<div class=\"elementor-element elementor-element-4f7747c elementor-align-center elementor-widget elementor-widget-button\" data-id=\"4f7747c\" data-element_type=\"widget\" data-e-type=\"widget\" data-widget_type=\"button.default\">\n\t\t\t\t<div class=\"elementor-widget-container\">\n\t\t\t\t\t\t\t\t\t<div class=\"elementor-button-wrapper\">\n\t\t\t\t\t<a class=\"elementor-button elementor-button-link elementor-size-md\" href=\"https:\/\/www.infomesq.com.br\/aluguel\/tvs\">\n\t\t\t\t\t\t<span class=\"elementor-button-content-wrapper\">\n\t\t\t\t\t\t\t\t\t<span class=\"elementor-button-text\">Alugar TV Agora<\/span>\n\t\t\t\t\t<\/span>\n\t\t\t\t\t<\/a>\n\t\t\t\t<\/div>\n\t\t\t\t\t\t\t\t<\/div>\n\t\t\t\t<\/div>\n\t\t\t\t<div class=\"elementor-element elementor-element-23b14c9 elementor-align-center elementor-widget elementor-widget-button\" data-id=\"23b14c9\" data-element_type=\"widget\" data-e-type=\"widget\" data-widget_type=\"button.default\">\n\t\t\t\t<div class=\"elementor-widget-container\">\n\t\t\t\t\t\t\t\t\t<div class=\"elementor-button-wrapper\">\n\t\t\t\t\t<a class=\"elementor-button elementor-button-link elementor-size-md\" href=\"https:\/\/api.whatsapp.com\/send?phone=5551991633491&#038;text=Gostaria%20de%20mais%20informa%C3%A7%C3%B5es%20sobre%20aluguel%20de%20equipamentos.%20Infomesq%20Rent%20City\">\n\t\t\t\t\t\t<span class=\"elementor-button-content-wrapper\">\n\t\t\t\t\t\t<span class=\"elementor-button-icon\">\n\t\t\t\t<i aria-hidden=\"true\" class=\"fab fa-whatsapp\"><\/i>\t\t\t<\/span>\n\t\t\t\t\t\t\t\t\t<span class=\"elementor-button-text\">Chamar Whatsapp<\/span>\n\t\t\t\t\t<\/span>\n\t\t\t\t\t<\/a>\n\t\t\t\t<\/div>\n\t\t\t\t\t\t\t\t<\/div>\n\t\t\t\t<\/div>\n\t\t\t\t\t<\/div>\n\t\t<\/div>\n\t\t\t\t<div class=\"elementor-column elementor-col-33 elementor-top-column elementor-element elementor-element-34072db\" data-id=\"34072db\" data-element_type=\"column\" data-e-type=\"column\">\n\t\t\t<div class=\"elementor-widget-wrap elementor-element-populated\">\n\t\t\t\t\t\t<div class=\"elementor-element elementor-element-94e4e3d elementor-widget elementor-widget-text-editor\" data-id=\"94e4e3d\" data-element_type=\"widget\" data-e-type=\"widget\" data-widget_type=\"text-editor.default\">\n\t\t\t\t<div class=\"elementor-widget-container\">\n\t\t\t\t\t\t\t\t\t<p><span style=\"color: #848484; font-family: Hind, sans-serif;\">A Infomesq \u00e9 Especialista em Aluguel de TVs. Nossa empresa \u00e9 especializada no servi\u00e7o de <\/span><span style=\"font-weight: bold; color: #848484; font-family: Hind, sans-serif;\">Aluguel\u00a0<\/span><span style=\"color: #848484; font-family: Hind, sans-serif;\">de Tvs em <span style=\"font-style: inherit; font-weight: inherit; color: #848484; font-family: Hind, sans-serif;\"><span style=\"font-style: inherit; font-weight: bold; color: #848484; font-family: Hind, sans-serif;\">Canoas<\/span><\/span><\/span><span style=\"color: #848484; font-family: Hind, sans-serif;\">.\u00a0 Entre em contato\u00a0 pelo telefone, Chat ou Whatsapp para\u00a0<\/span><span style=\"font-weight: bold; color: #848484; font-family: Hind, sans-serif;\">Aluguel\u00a0<\/span><span style=\"color: #848484; font-family: Hind, sans-serif;\">de Tvs<\/span><span style=\"font-weight: bold; color: #848484; font-family: Hind, sans-serif;\">\u00a0<\/span><span style=\"color: #848484; font-family: Hind, sans-serif;\">em <span style=\"font-weight: bold; color: #848484; font-family: Hind, sans-serif;\">Canoas<\/span><\/span><span style=\"color: #848484; font-family: Hind, sans-serif;\">. Somos uma empresa com t\u00e9cnicos especializados, mais de 20 anos de experi\u00eancia no mercado e agilidade para lhe atender no momento que voc\u00ea precisa. Oferecemos descontos especiais e parcelamento conforme sua necessidade. Procurando\u00a0<\/span><span style=\"font-weight: bold; color: #848484; font-family: Hind, sans-serif;\">Aluguel\u00a0<\/span><span style=\"color: #848484; font-family: Hind, sans-serif;\">de Tvs em <span style=\"font-weight: bold; color: #848484; font-family: Hind, sans-serif;\">Canoas<\/span><\/span><span style=\"color: #848484; font-family: Hind, sans-serif;\">? <\/span><span style=\"font-style: inherit; font-weight: inherit; color: #848484; font-family: Hind, sans-serif;\">A Infomesq \u00e9 a solu\u00e7\u00e3o ideal para\u00a0<\/span><span style=\"font-style: inherit; font-weight: bold; color: #848484; font-family: Hind, sans-serif;\">Aluguel\u00a0<\/span><span style=\"font-style: inherit; font-weight: inherit; color: #848484; font-family: Hind, sans-serif;\">de TVs em <span style=\"font-style: inherit; font-weight: bold; color: #848484; font-family: Hind, sans-serif;\">Canoas<\/span><\/span><span style=\"font-style: inherit; font-weight: inherit; color: #848484; font-family: Hind, sans-serif;\">.<\/span><\/p>\t\t\t\t\t\t\t\t<\/div>\n\t\t\t\t<\/div>\n\t\t\t\t\t<\/div>\n\t\t<\/div>\n\t\t\t\t\t<\/div>\n\t\t<\/section>\n\t\t\t\t<\/div>\n\t\t","protected":false},"excerpt":{"rendered":"<p>Alugar TVs em Canoas pelo site \u00e9 r\u00e1pido e f\u00e1cil, acesse nossa loja agora. Alugar TV Agora Chamar Whatsapp A Infomesq \u00e9 Especialista em Aluguel de TVs. Nossa empresa \u00e9 especializada no servi\u00e7o de Aluguel\u00a0de Tvs em Canoas.\u00a0 Entre em contato\u00a0 pelo telefone, Chat ou Whatsapp para\u00a0Aluguel\u00a0de Tvs\u00a0em Canoas. Somos uma empresa com t\u00e9cnicos especializados, [&hellip;]<\/p>\n","protected":false},"author":2,"featured_media":0,"parent":0,"menu_order":0,"comment_status":"closed","ping_status":"closed","template":"","meta":{"zakra_page_container_layout":"customizer","zakra_page_sidebar_layout":"customizer","zakra_remove_content_margin":false,"zakra_sidebar":"customizer","zakra_transparent_header":"customizer","zakra_logo":0,"zakra_main_header_style":"default","zakra_menu_item_color":"","zakra_menu_item_hover_color":"","zakra_menu_item_active_color":"","zakra_menu_active_style":"","zakra_page_header":true,"_joinchat":[],"footnotes":""},"class_list":["post-2681","page","type-page","status-publish","hentry"],"_links":{"self":[{"href":"https:\/\/infomesq.com.br\/aluguel\/wp-json\/wp\/v2\/pages\/2681","targetHints":{"allow":["GET"]}}],"collection":[{"href":"https:\/\/infomesq.com.br\/aluguel\/wp-json\/wp\/v2\/pages"}],"about":[{"href":"https:\/\/infomesq.com.br\/aluguel\/wp-json\/wp\/v2\/types\/page"}],"author":[{"embeddable":true,"href":"https:\/\/infomesq.com.br\/aluguel\/wp-json\/wp\/v2\/users\/2"}],"replies":[{"embeddable":true,"href":"https:\/\/infomesq.com.br\/aluguel\/wp-json\/wp\/v2\/comments?post=2681"}],"version-history":[{"count":0,"href":"https:\/\/infomesq.com.br\/aluguel\/wp-json\/wp\/v2\/pages\/2681\/revisions"}],"wp:attachment":[{"href":"https:\/\/infomesq.com.br\/aluguel\/wp-json\/wp\/v2\/media?parent=2681"}],"curies":[{"name":"wp","href":"https:\/\/api.w.org\/{rel}","templated":true}]}}