{"id":2162,"date":"2021-10-20T08:38:04","date_gmt":"2021-10-20T11:38:04","guid":{"rendered":"https:\/\/infomesq.com.br\/aluguel\/?page_id=2162"},"modified":"2022-09-28T12:43:26","modified_gmt":"2022-09-28T15:43:26","slug":"caixa-grande-jbl-15","status":"publish","type":"page","link":"https:\/\/infomesq.com.br\/aluguel\/som\/caixa-grande-jbl-15\/","title":{"rendered":"Alugar Caixa Profissional Grande JBL 15\""},"content":{"rendered":"\n<div class=\"wrap plugin-container\">\n\n\t\n\t\n\t<div class=\"vri-page-content\">\n<h3 class=\"vri-page-head-title\">Infomesq Rent<\/h3>\t<div class=\"vri-itemdet-groupblocks\">\n\t\t<div class=\"vri-itemdet-groupleft\">\n\t\t\t<div class=\"vri-itemdet-imagesblock\">\n\t\t\t\t<div class=\"vri-itemdet-mainimage\">\n\t\t\t\t\t<img decoding=\"async\" src=\"https:\/\/infomesq.com.br\/aluguel\/wp-content\/plugins\/vikrentitems\/admin\/resources\/caixa-jbl_js-15bt.jpg\" alt=\"Caixa Grande JBL 15&quot;\"\/>\n\t\t\t\t<\/div>\n\t\t\t\t\t<div class=\"vri-itemdet-extraimages\">\n\t\t\t\t\t\t<a href=\"https:\/\/infomesq.com.br\/aluguel\/wp-content\/plugins\/vikrentitems\/admin\/resources\/big_aluguel-caixa-jbl-js-15bt-2.jpg\" rel=\"vrigroup92\" target=\"_blank\" class=\"vrimodal\" data-fancybox=\"gallery\"><img decoding=\"async\" src=\"https:\/\/infomesq.com.br\/aluguel\/wp-content\/plugins\/vikrentitems\/admin\/resources\/thumb_aluguel-caixa-jbl-js-15bt-2.jpg\" alt=\"aluguel-caixa-jbl-js-15bt-2.\"\/><\/a>\n\t\t\t\t\t\t\t\t<a href=\"https:\/\/infomesq.com.br\/aluguel\/wp-content\/plugins\/vikrentitems\/admin\/resources\/big_aluguel-caixa-jbl-js-15bt-3.jpg\" rel=\"vrigroup92\" target=\"_blank\" class=\"vrimodal\" data-fancybox=\"gallery\"><img decoding=\"async\" src=\"https:\/\/infomesq.com.br\/aluguel\/wp-content\/plugins\/vikrentitems\/admin\/resources\/thumb_aluguel-caixa-jbl-js-15bt-3.jpg\" alt=\"aluguel-caixa-jbl-js-15bt-3.\"\/><\/a>\n\t\t\t\t\t\t\t<\/div>\n\t\t\t<\/div>\n\t\t<\/div>\n\n\t\t<div class=\"vri-itemdet-groupright\">\n\t\t\t<div class=\"vri-itemdet-infoblock\">\n\t\t\t\t<div class=\"vri-itemdet-infocat\">\n\t\t\t\t\t<span>Som<\/span>\n\t\t\t\t<\/div>\n\t\t\t\t<div class=\"vri-itemdet-infoname\">\n\t\t\t\t\t<span>Caixa Grande JBL 15\"<\/span>\n\t\t\t\t<\/div>\n\t\t\t<\/div>\n\t\t\t<div class=\"vri-itemdet-descr\">\n<p>A\u00a0<b>Caixa de Som Ativa JBL JS-15BT<\/b>\u00a0\u00e9 ideal para apresenta\u00e7\u00f5es ao vivo em bares, restaurantes e demais ambientes, ou at\u00e9 mesmo para pequenas festas, tanto para uso pessoal ou profissional. Possui\u00a0<strong>200W RMS<\/strong>\u00a0de pot\u00eancia e\u00a0<strong>alto-falante de 15\"<\/strong>\u00a0e driver de tit\u00e2nio, assegurando um som poderoso para os mais diversos ambientes. Tem entrada para microfone ou linha, e tamb\u00e9m \u00e9 poss\u00edvel conectar dispositivos m\u00f3veis por meio da\u00a0<b>entrada RCA<\/b>\u00a0ou por\u00a0<b>Bluetooth<\/b>.<\/p>\n<p>Nela, j\u00e1 est\u00e1 embutido um\u00a0<b>MP3 player com tela LCD<\/b>\u00a0que permite reproduzir, pausar e trocar m\u00fasicas que est\u00e3o sendo reproduzidas por meio de\u00a0<b>pendrive<\/b>\u00a0na entrada USB ou por\u00a0<b>cart\u00e3o de mem\u00f3ria na entrada SD<\/b>. Possui\u00a0<b>equalizador de 5 bandas e controle de volumes<\/b>\u00a0das entradas de microfone ou linha. Caso queria potencializar o som do evento, a JS-15BT conta com sa\u00eddas\u00a0<b>P10 e XLR<\/b>\u00a0para conectar outras caixas ativas!<\/p>\n<h1><label for=\"menu-ficha-tecnica\">FICHA T\u00c9CNICA<\/label><\/h1>\n<div class=\"ficha-tecnica-tabela\">\n<table>\n<tbody>\n<tr>\n<td>Modelo<\/td>\n<td>JS-15BT<\/td>\n<\/tr>\n<tr>\n<td>Altura (cm)<\/td>\n<td>70,00<\/td>\n<\/tr>\n<tr>\n<td>Largura (cm)<\/td>\n<td>49,00<\/td>\n<\/tr>\n<tr>\n<td>Profundidade (cm)<\/td>\n<td>37,00<\/td>\n<\/tr>\n<tr>\n<td>Peso Aproximado (Kg)<\/td>\n<td>19,80<\/td>\n<\/tr>\n<tr>\n<td>Marca<\/td>\n<td>Jbl<\/td>\n<\/tr>\n<tr>\n<td>Outras Especifica\u00e7\u00f5es<\/td>\n<td>Sensibilidade: 98 dB<br \/>\nEncaixe de pedestal: Sim<\/td>\n<\/tr>\n<tr>\n<td>Bluetooth<\/td>\n<td>Sim<\/td>\n<\/tr>\n<tr>\n<td>Pot\u00eancia<\/td>\n<td>200W RMS<\/td>\n<\/tr>\n<tr>\n<td>Classe<\/td>\n<td>AB<\/td>\n<\/tr>\n<tr>\n<td>Alto-falante<\/td>\n<td>15\"<\/td>\n<\/tr>\n<tr>\n<td>Conex\u00f5es<\/td>\n<td>Entrada microfone: P10 ou XLR<br \/>\nEntada Line: XLR ou RCA<br \/>\nSa\u00eddas: P10 ou XLR<br \/>\nUSB<br \/>\nSD<\/td>\n<\/tr>\n<tr>\n<td>Imped\u00e2ncia<\/td>\n<td>4 Ohms<\/td>\n<\/tr>\n<tr>\n<td>Resposta de frequ\u00eancia<\/td>\n<td>70Hz - 20 KHz<\/td>\n<\/tr>\n<tr>\n<td>Equalizador<\/td>\n<td>Gr\u00e1fico 5 Bandas - 12dB \/ + 12dB<\/td>\n<\/tr>\n<tr>\n<td>Alimenta\u00e7\u00e3o<\/td>\n<td>Bivolt (chave seletora)<\/td>\n<\/tr>\n<tr>\n<td>Pa\u00eds de Fabrica\u00e7\u00e3o<\/td>\n<td>Brasil<\/td>\n<\/tr>\n<\/tbody>\n<\/table>\n<\/div>\n\t\t\t<\/div>\n\t\t\t<div class=\"vri-itemdet-priceblock\">\n\t\t\t\t<span class=\"vri-itemdet-price-startfrom\">A Partir De<\/span>\n\t\t\t\t<span class=\"vri-itemdet-price-cost\">R$ 418,00<\/span>\n\t\t\t\t<span class=\"vri-itemdet-price-fromtext\">Valor por Dia<\/span>\n\t\t\t<\/div>\n\t\t\t<\/div>\n\t<\/div>\n\t<div class=\"vri-avcals-container\">\n\t<\/div>\n\n\t<div id=\"vri-bookingpart-init\"><\/div>\n\n\t<div class=\"vri-bookform-container\">\n\t\t<h4 class=\"vri-medium-header\">Informe a Data de Entrega e Recolhimento<\/h4>\n<div class=\"vridivsearch vri-main-search-form\"><span class=\"vrideliveryservicespan\">Servi\u00e7o de entrega dispon\u00edvel<\/span><form action=\"https:\/\/infomesq.com.br\/aluguel\/som\/caixa-grande-jbl-15\/?option=com_vikrentitems\" method=\"post\" onsubmit=\"return vriValidateSearch();\"><div class=\"vricalform\">\n<input type=\"hidden\" name=\"option\" value=\"com_vikrentitems\"\/>\n<input type=\"hidden\" name=\"task\" value=\"search\"\/>\n<input type=\"hidden\" name=\"itemdetail\" value=\"92\"\/>\n<div class=\"vrisfentry\"><label class=\"vripickdroplab\" for=\"pickupdate\">Data e Hora da Entrega<\/label><div class=\"vri-sf-input-wrap vri-sf-input-pickup\"><span><input type=\"text\" name=\"pickupdate\" id=\"pickupdate\" size=\"10\" autocomplete=\"off\" onfocus=\"this.blur();\" readonly\/><i class=\"far fa-calendar-alt vri-caltrigger\"><\/i><\/span><\/div><div class=\"vrisfentrytime\"><div class=\"vri-sf-entrytime-inner\"><label for=\"pickuph\">as<\/label><span id=\"vricomselph\"><select name=\"pickuph\" id=\"pickuph\"><option value=\"00\">0<\/option>\n<option value=\"01\">1<\/option>\n<option value=\"02\">2<\/option>\n<option value=\"03\">3<\/option>\n<option value=\"04\">4<\/option>\n<option value=\"05\">5<\/option>\n<option value=\"06\">6<\/option>\n<option value=\"07\">7<\/option>\n<option value=\"08\">8<\/option>\n<option value=\"09\">9<\/option>\n<option value=\"10\">10<\/option>\n<option value=\"11\">11<\/option>\n<option value=\"12\">12<\/option>\n<option value=\"13\">13<\/option>\n<option value=\"14\">14<\/option>\n<option value=\"15\">15<\/option>\n<option value=\"16\">16<\/option>\n<option value=\"17\">17<\/option>\n<option value=\"18\">18<\/option>\n<option value=\"19\">19<\/option>\n<option value=\"20\">20<\/option>\n<option value=\"21\">21<\/option>\n<option value=\"22\">22<\/option>\n<option value=\"23\">23<\/option>\n<\/select><\/span><label class=\"vritimedots\">:<\/label><span id=\"vricomselpm\"><select name=\"pickupm\"><option value=\"00\" selected=\"selected\">00<\/option>\n<option value=\"15\">15<\/option>\n<option value=\"30\">30<\/option>\n<option value=\"45\">45<\/option>\n<\/select><\/span><\/div><\/div><\/div>\n<div class=\"vrisfentry\"><label class=\"vripickdroplab\" for=\"releasedate\">Data e Hora do Recolhimento<\/label><div class=\"vri-sf-input-wrap vri-sf-input-pickup\"><span><input type=\"text\" name=\"releasedate\" id=\"releasedate\" size=\"10\" autocomplete=\"off\" onfocus=\"this.blur();\" readonly\/><i class=\"far fa-calendar-alt vri-caltrigger\"><\/i><\/span><\/div><div class=\"vrisfentrytime\"><div class=\"vri-sf-entrytime-inner\"><label for=\"releaseh\">as<\/label><span id=\"vricomseldh\"><select name=\"releaseh\" id=\"releaseh\"><option value=\"00\">0<\/option>\n<option value=\"01\">1<\/option>\n<option value=\"02\">2<\/option>\n<option value=\"03\">3<\/option>\n<option value=\"04\">4<\/option>\n<option value=\"05\">5<\/option>\n<option value=\"06\">6<\/option>\n<option value=\"07\">7<\/option>\n<option value=\"08\">8<\/option>\n<option value=\"09\">9<\/option>\n<option value=\"10\">10<\/option>\n<option value=\"11\">11<\/option>\n<option value=\"12\">12<\/option>\n<option value=\"13\">13<\/option>\n<option value=\"14\">14<\/option>\n<option value=\"15\">15<\/option>\n<option value=\"16\">16<\/option>\n<option value=\"17\">17<\/option>\n<option value=\"18\">18<\/option>\n<option value=\"19\">19<\/option>\n<option value=\"20\">20<\/option>\n<option value=\"21\">21<\/option>\n<option value=\"22\">22<\/option>\n<option value=\"23\">23<\/option>\n<\/select><\/span><label class=\"vritimedots\">:<\/label><span id=\"vricomseldm\"><select name=\"releasem\"><option value=\"00\" selected=\"selected\">00<\/option>\n<option value=\"15\">15<\/option>\n<option value=\"30\">30<\/option>\n<option value=\"45\">45<\/option>\n<\/select><\/span><\/div><\/div><\/div>\n<div class=\"vrisfentry\"><label for=\"itemquant\">Quantidade<\/label><span><input type=\"number\" name=\"itemquant\" id=\"itemquant\" value=\"1\" min=\"1\" max=\"4\" class=\"vri-numbinput\"\/><\/span><\/div>\n<div class=\"vrisfentrysubmit\"><input type=\"submit\" name=\"search\" value=\"CONTINUAR\" class=\"vridetbooksubmit\"\/><\/div>\n<\/div>\n<\/form><\/div>\t<\/div>\n\t\t<script type=\"text\/javascript\">\n\tfunction vriCleanNumber(snum) {\n\t\tif (snum.length > 1 && snum.substr(0, 1) == '0') {\n\t\t\treturn parseInt(snum.substr(1));\n\t\t}\n\t\treturn parseInt(snum);\n\t}\n\n\tfunction vriValidateSearch() {\n\t\tif (typeof jQuery === 'undefined' || typeof vri_wopening_pick === 'undefined') {\n\t\t\treturn true;\n\t\t}\n\t\tif (vri_mopening_pick !== null) {\n\t\t\t\/\/ pickup time\n\t\t\tvar pickh = jQuery('#vricomselph').find('select').val();\n\t\t\tvar pickm = jQuery('#vricomselpm').find('select').val();\n\t\t\tif (!pickh || !pickh.length || !pickm) {\n\t\t\t\treturn true;\n\t\t\t}\n\t\t\tpickh = vriCleanNumber(pickh);\n\t\t\tpickm = vriCleanNumber(pickm);\n\t\t\tif (pickh == vri_mopening_pick[0]) {\n\t\t\t\tif (pickm < vri_mopening_pick[1]) {\n\t\t\t\t\t\/\/ location is still closed at this time\n\t\t\t\t\tjQuery('#vricomselpm').find('select').html('<option value=\"'+vri_mopening_pick[1]+'\">'+(vri_mopening_pick[1] < 10 ? '0'+vri_mopening_pick[1] : vri_mopening_pick[1])+'<\/option>').val(vri_mopening_pick[1]);\n\t\t\t\t}\n\t\t\t}\n\t\t\tif (pickh == vri_mopening_pick[2]) {\n\t\t\t\tif (pickm > vri_mopening_pick[3]) {\n\t\t\t\t\t\/\/ location is already closed at this time for a pick up\n\t\t\t\t\tjQuery('#vricomselpm').find('select').html('<option value=\"'+vri_mopening_pick[3]+'\">'+(vri_mopening_pick[3] < 10 ? '0'+vri_mopening_pick[3] : vri_mopening_pick[3])+'<\/option>').val(vri_mopening_pick[3]);\n\t\t\t\t}\n\t\t\t}\n\t\t}\n\n\t\tif (vri_mopening_drop !== null) {\n\t\t\t\/\/ dropoff time\n\t\t\tvar droph = jQuery('#vricomseldh').find('select').val();\n\t\t\tvar dropm = jQuery('#vricomseldm').find('select').val();\n\t\t\tif (!droph || !droph.length || !dropm) {\n\t\t\t\treturn true;\n\t\t\t}\n\t\t\tdroph = vriCleanNumber(droph);\n\t\t\tdropm = vriCleanNumber(dropm);\n\t\t\tif (droph == vri_mopening_drop[0]) {\n\t\t\t\tif (dropm > vri_mopening_drop[1]) {\n\t\t\t\t\t\/\/ location is already closed at this time\n\t\t\t\t\tjQuery('#vricomseldm').find('select').html('<option value=\"'+vri_mopening_drop[1]+'\">'+(vri_mopening_drop[1] < 10 ? '0'+vri_mopening_drop[1] : vri_mopening_drop[1])+'<\/option>').val(vri_mopening_drop[1]);\n\t\t\t\t}\n\t\t\t}\n\t\t\tif (droph == vri_mopening_drop[2]) {\n\t\t\t\tif (dropm < vri_mopening_drop[3]) {\n\t\t\t\t\t\/\/ location is still closed at this time for a drop off\n\t\t\t\t\tjQuery('#vricomseldm').find('select').html('<option value=\"'+vri_mopening_drop[3]+'\">'+(vri_mopening_drop[3] < 10 ? '0'+vri_mopening_drop[3] : vri_mopening_drop[3])+'<\/option>').val(vri_mopening_drop[3]);\n\t\t\t\t}\n\t\t\t}\n\t\t}\n\n\t\treturn true;\n\t}\n\n\tjQuery(document).ready(function() {\n\t\n\t\tjQuery(document.body).on('click', '.vri-idetails-cal-pickday', function() {\n\t\t\tif (!jQuery(\"#pickupdate\").length) {\n\t\t\t\treturn;\n\t\t\t}\n\t\t\tvar tdday = jQuery(this).attr('data-daydate');\n\t\t\tif (!tdday || !tdday.length) {\n\t\t\t\treturn;\n\t\t\t}\n\t\t\t\/\/ set pick-up date in datepicker\n\t\t\tjQuery('#pickupdate').datepicker('setDate', tdday);\n\t\t\t\/\/ animate to datepickers position\n\t\t\tif (jQuery(\"#vri-bookingpart-init\").length) {\n\t\t\t\tjQuery('html,body').animate({\n\t\t\t\t\tscrollTop: (jQuery('#vri-bookingpart-init').offset().top - 5)\n\t\t\t\t}, 600, function() {\n\t\t\t\t\t\/\/ animation-complete callback should simulate the onSelect event of the pick-up datepicker\n\t\t\t\t\tif (typeof vriSetMinDropoffDate !== \"undefined\") {\n\t\t\t\t\t\tvriSetMinDropoffDate();\n\t\t\t\t\t}\n\t\t\t\t\tif (typeof vriLocationWopening !== \"undefined\") {\n\t\t\t\t\t\tvriLocationWopening('pickup');\n\t\t\t\t\t}\n\t\t\t\t\t\/\/ give focus to drop-off datepicker\n\t\t\t\t\tif (jQuery('#releasedate').length) {\n\t\t\t\t\t\tjQuery('#releasedate').focus();\n\t\t\t\t\t}\n\t\t\t\t});\n\t\t\t}\n\t\t});\n\t});\n\t<\/script>\n\t<\/div>\n\n<\/div>\n\n","protected":false},"excerpt":{"rendered":"","protected":false},"author":1,"featured_media":0,"parent":1618,"menu_order":0,"comment_status":"closed","ping_status":"closed","template":"","meta":{"zakra_page_container_layout":"customizer","zakra_page_sidebar_layout":"customizer","zakra_remove_content_margin":false,"zakra_sidebar":"customizer","zakra_transparent_header":"customizer","zakra_logo":0,"zakra_main_header_style":"default","zakra_menu_item_color":"","zakra_menu_item_hover_color":"","zakra_menu_item_active_color":"","zakra_menu_active_style":"","zakra_page_header":true,"_joinchat":[],"footnotes":""},"class_list":["post-2162","page","type-page","status-publish","hentry"],"_links":{"self":[{"href":"https:\/\/infomesq.com.br\/aluguel\/wp-json\/wp\/v2\/pages\/2162","targetHints":{"allow":["GET"]}}],"collection":[{"href":"https:\/\/infomesq.com.br\/aluguel\/wp-json\/wp\/v2\/pages"}],"about":[{"href":"https:\/\/infomesq.com.br\/aluguel\/wp-json\/wp\/v2\/types\/page"}],"author":[{"embeddable":true,"href":"https:\/\/infomesq.com.br\/aluguel\/wp-json\/wp\/v2\/users\/1"}],"replies":[{"embeddable":true,"href":"https:\/\/infomesq.com.br\/aluguel\/wp-json\/wp\/v2\/comments?post=2162"}],"version-history":[{"count":0,"href":"https:\/\/infomesq.com.br\/aluguel\/wp-json\/wp\/v2\/pages\/2162\/revisions"}],"up":[{"embeddable":true,"href":"https:\/\/infomesq.com.br\/aluguel\/wp-json\/wp\/v2\/pages\/1618"}],"wp:attachment":[{"href":"https:\/\/infomesq.com.br\/aluguel\/wp-json\/wp\/v2\/media?parent=2162"}],"curies":[{"name":"wp","href":"https:\/\/api.w.org\/{rel}","templated":true}]}}