{"id":1661,"date":"2021-02-19T16:41:49","date_gmt":"2021-02-19T19:41:49","guid":{"rendered":"https:\/\/infomesq.com.br\/aluguel1\/?page_id=1661"},"modified":"2021-02-19T16:41:50","modified_gmt":"2021-02-19T19:41:50","slug":"mesa-de-som-mxt-mx-4bt","status":"publish","type":"page","link":"https:\/\/infomesq.com.br\/aluguel\/som\/mesa-de-som-mxt-mx-4bt\/","title":{"rendered":"Mesa de Som MXT MX-4BT"},"content":{"rendered":"\n<div class=\"wp-block-vikrentitems-gutenberg-shortcodes\">\n<div class=\"wrap plugin-container\">\n\n\t\n\t\n\t<div class=\"vri-page-content\">\n<h3 class=\"vri-page-head-title\">Infomesq Rent<\/h3>\t<div class=\"vri-itemdet-groupblocks\">\n\t\t<div class=\"vri-itemdet-groupleft\">\n\t\t\t<div class=\"vri-itemdet-imagesblock\">\n\t\t\t\t<div class=\"vri-itemdet-mainimage\">\n\t\t\t\t\t<img decoding=\"async\" src=\"https:\/\/infomesq.com.br\/aluguel\/wp-content\/plugins\/vikrentitems\/admin\/resources\/mesa-4canais.jpg\" alt=\"Mesa de Som MXT MX-4BT\"\/>\n\t\t\t\t<\/div>\n\t\t\t\t<\/div>\n\t\t<\/div>\n\n\t\t<div class=\"vri-itemdet-groupright\">\n\t\t\t<div class=\"vri-itemdet-infoblock\">\n\t\t\t\t<div class=\"vri-itemdet-infocat\">\n\t\t\t\t\t<span>Som<\/span>\n\t\t\t\t<\/div>\n\t\t\t\t<div class=\"vri-itemdet-infoname\">\n\t\t\t\t\t<span>Mesa de Som MXT MX-4BT<\/span>\n\t\t\t\t<\/div>\n\t\t\t<\/div>\n\t\t\t<div class=\"vri-itemdet-descr\">\n<p>Interface de fonte de alimenta\u00e7\u00e3o Usb<br \/>\nPode ser conectada a uma fonte de alimenta\u00e7\u00e3o externa de 5v (inclusa) ou a uma unidade interface Usb do computador, quando conectado ao computador com fun\u00e7\u00e3o de placa de som externa.<\/p>\n<p><strong>Especifica\u00e7\u00f5es T\u00e9cnicas:<br \/>\n<\/strong>4 Canais (3+1)<br \/>\nEntradas Cannon \/ P10<br \/>\nEntrada Mic Phanton Power 24V<br \/>\nSa\u00edda est\u00e9reo para grava\u00e7\u00e3o<br \/>\nEq. de 2 bandas para cada canal de entrada<br \/>\nEfeito Efx - Reverberador profissional (2 canais)<br \/>\nMonitora\u00e7\u00e3o fone de ouvido<br \/>\nConex\u00e3o MP3 \/ Pendrive Usb<br \/>\nInterface para Pc<br \/>\nDisplay - mostra a opera\u00e7\u00e3o e status de reprodu\u00e7\u00e3o<br \/>\nAlimenta\u00e7\u00e3o via Usb Pc \/ Fonte 5v<\/p>\n<p><strong>Bluetooth<\/strong><br \/>\n<strong>Bivolt<\/strong><\/p>\n<p>&nbsp;<\/p>\n<p>&nbsp;<\/p>\n\t\t\t<\/div>\n\t\t\t<div class=\"vri-itemdet-priceblock\">\n\t\t\t\t<span class=\"vri-itemdet-price-startfrom\">A Partir De<\/span>\n\t\t\t\t<span class=\"vri-itemdet-price-cost\">R$ 110,00<\/span>\n\t\t\t\t<span class=\"vri-itemdet-price-fromtext\">Por Dia<\/span>\n\t\t\t<\/div>\n\t\t\t<\/div>\n\t<\/div>\n\t<div class=\"vri-avcals-container\">\n\t<\/div>\n\n\t<div id=\"vri-bookingpart-init\"><\/div>\n\n\t<div class=\"vri-bookform-container\">\n\t\t<h4 class=\"vri-medium-header\">Informe a Data de Entrega e Recolhimento<\/h4>\n<div class=\"vridivsearch vri-main-search-form\"><span class=\"vrideliveryservicespan\">Servi\u00e7o de entrega dispon\u00edvel<\/span><form action=\"https:\/\/infomesq.com.br\/aluguel\/som\/mesa-de-som-mxt-mx-4bt\/?option=com_vikrentitems\" method=\"post\" onsubmit=\"return vriValidateSearch();\"><div class=\"vricalform\">\n<input type=\"hidden\" name=\"option\" value=\"com_vikrentitems\"\/>\n<input type=\"hidden\" name=\"task\" value=\"search\"\/>\n<input type=\"hidden\" name=\"itemdetail\" value=\"76\"\/>\n<div class=\"vrisfentry\"><label class=\"vripickdroplab\" for=\"pickupdate\">Data e Hora da Entrega<\/label><div class=\"vri-sf-input-wrap vri-sf-input-pickup\"><span><input type=\"text\" name=\"pickupdate\" id=\"pickupdate\" size=\"10\" autocomplete=\"off\" onfocus=\"this.blur();\" readonly\/><i class=\"far fa-calendar-alt vri-caltrigger\"><\/i><\/span><\/div><div class=\"vrisfentrytime\"><div class=\"vri-sf-entrytime-inner\"><label for=\"pickuph\">as<\/label><span id=\"vricomselph\"><select name=\"pickuph\" id=\"pickuph\"><option value=\"00\">0<\/option>\n<option value=\"01\">1<\/option>\n<option value=\"02\">2<\/option>\n<option value=\"03\">3<\/option>\n<option value=\"04\">4<\/option>\n<option value=\"05\">5<\/option>\n<option value=\"06\">6<\/option>\n<option value=\"07\">7<\/option>\n<option value=\"08\">8<\/option>\n<option value=\"09\">9<\/option>\n<option value=\"10\">10<\/option>\n<option value=\"11\">11<\/option>\n<option value=\"12\">12<\/option>\n<option value=\"13\">13<\/option>\n<option value=\"14\">14<\/option>\n<option value=\"15\">15<\/option>\n<option value=\"16\">16<\/option>\n<option value=\"17\">17<\/option>\n<option value=\"18\">18<\/option>\n<option value=\"19\">19<\/option>\n<option value=\"20\">20<\/option>\n<option value=\"21\">21<\/option>\n<option value=\"22\">22<\/option>\n<option value=\"23\">23<\/option>\n<\/select><\/span><label class=\"vritimedots\">:<\/label><span id=\"vricomselpm\"><select name=\"pickupm\"><option value=\"00\" selected=\"selected\">00<\/option>\n<option value=\"15\">15<\/option>\n<option value=\"30\">30<\/option>\n<option value=\"45\">45<\/option>\n<\/select><\/span><\/div><\/div><\/div>\n<div class=\"vrisfentry\"><label class=\"vripickdroplab\" for=\"releasedate\">Data e Hora do Recolhimento<\/label><div class=\"vri-sf-input-wrap vri-sf-input-pickup\"><span><input type=\"text\" name=\"releasedate\" id=\"releasedate\" size=\"10\" autocomplete=\"off\" onfocus=\"this.blur();\" readonly\/><i class=\"far fa-calendar-alt vri-caltrigger\"><\/i><\/span><\/div><div class=\"vrisfentrytime\"><div class=\"vri-sf-entrytime-inner\"><label for=\"releaseh\">as<\/label><span id=\"vricomseldh\"><select name=\"releaseh\" id=\"releaseh\"><option value=\"00\">0<\/option>\n<option value=\"01\">1<\/option>\n<option value=\"02\">2<\/option>\n<option value=\"03\">3<\/option>\n<option value=\"04\">4<\/option>\n<option value=\"05\">5<\/option>\n<option value=\"06\">6<\/option>\n<option value=\"07\">7<\/option>\n<option value=\"08\">8<\/option>\n<option value=\"09\">9<\/option>\n<option value=\"10\">10<\/option>\n<option value=\"11\">11<\/option>\n<option value=\"12\">12<\/option>\n<option value=\"13\">13<\/option>\n<option value=\"14\">14<\/option>\n<option value=\"15\">15<\/option>\n<option value=\"16\">16<\/option>\n<option value=\"17\">17<\/option>\n<option value=\"18\">18<\/option>\n<option value=\"19\">19<\/option>\n<option value=\"20\">20<\/option>\n<option value=\"21\">21<\/option>\n<option value=\"22\">22<\/option>\n<option value=\"23\">23<\/option>\n<\/select><\/span><label class=\"vritimedots\">:<\/label><span id=\"vricomseldm\"><select name=\"releasem\"><option value=\"00\" selected=\"selected\">00<\/option>\n<option value=\"15\">15<\/option>\n<option value=\"30\">30<\/option>\n<option value=\"45\">45<\/option>\n<\/select><\/span><\/div><\/div><\/div>\n<div class=\"vrisfentry\"><label for=\"itemquant\">Quantidade<\/label><span><input type=\"number\" name=\"itemquant\" id=\"itemquant\" value=\"1\" min=\"1\" max=\"2\" class=\"vri-numbinput\"\/><\/span><\/div>\n<div class=\"vrisfentrysubmit\"><input type=\"submit\" name=\"search\" value=\"CONTINUAR\" class=\"vridetbooksubmit\"\/><\/div>\n<\/div>\n<\/form><\/div>\t<\/div>\n\t\t<script type=\"text\/javascript\">\n\tfunction vriCleanNumber(snum) {\n\t\tif (snum.length > 1 && snum.substr(0, 1) == '0') {\n\t\t\treturn parseInt(snum.substr(1));\n\t\t}\n\t\treturn parseInt(snum);\n\t}\n\n\tfunction vriValidateSearch() {\n\t\tif (typeof jQuery === 'undefined' || typeof vri_wopening_pick === 'undefined') {\n\t\t\treturn true;\n\t\t}\n\t\tif (vri_mopening_pick !== null) {\n\t\t\t\/\/ pickup time\n\t\t\tvar pickh = jQuery('#vricomselph').find('select').val();\n\t\t\tvar pickm = jQuery('#vricomselpm').find('select').val();\n\t\t\tif (!pickh || !pickh.length || !pickm) {\n\t\t\t\treturn true;\n\t\t\t}\n\t\t\tpickh = vriCleanNumber(pickh);\n\t\t\tpickm = vriCleanNumber(pickm);\n\t\t\tif (pickh == vri_mopening_pick[0]) {\n\t\t\t\tif (pickm < vri_mopening_pick[1]) {\n\t\t\t\t\t\/\/ location is still closed at this time\n\t\t\t\t\tjQuery('#vricomselpm').find('select').html('<option value=\"'+vri_mopening_pick[1]+'\">'+(vri_mopening_pick[1] < 10 ? '0'+vri_mopening_pick[1] : vri_mopening_pick[1])+'<\/option>').val(vri_mopening_pick[1]);\n\t\t\t\t}\n\t\t\t}\n\t\t\tif (pickh == vri_mopening_pick[2]) {\n\t\t\t\tif (pickm > vri_mopening_pick[3]) {\n\t\t\t\t\t\/\/ location is already closed at this time for a pick up\n\t\t\t\t\tjQuery('#vricomselpm').find('select').html('<option value=\"'+vri_mopening_pick[3]+'\">'+(vri_mopening_pick[3] < 10 ? '0'+vri_mopening_pick[3] : vri_mopening_pick[3])+'<\/option>').val(vri_mopening_pick[3]);\n\t\t\t\t}\n\t\t\t}\n\t\t}\n\n\t\tif (vri_mopening_drop !== null) {\n\t\t\t\/\/ dropoff time\n\t\t\tvar droph = jQuery('#vricomseldh').find('select').val();\n\t\t\tvar dropm = jQuery('#vricomseldm').find('select').val();\n\t\t\tif (!droph || !droph.length || !dropm) {\n\t\t\t\treturn true;\n\t\t\t}\n\t\t\tdroph = vriCleanNumber(droph);\n\t\t\tdropm = vriCleanNumber(dropm);\n\t\t\tif (droph == vri_mopening_drop[0]) {\n\t\t\t\tif (dropm > vri_mopening_drop[1]) {\n\t\t\t\t\t\/\/ location is already closed at this time\n\t\t\t\t\tjQuery('#vricomseldm').find('select').html('<option value=\"'+vri_mopening_drop[1]+'\">'+(vri_mopening_drop[1] < 10 ? '0'+vri_mopening_drop[1] : vri_mopening_drop[1])+'<\/option>').val(vri_mopening_drop[1]);\n\t\t\t\t}\n\t\t\t}\n\t\t\tif (droph == vri_mopening_drop[2]) {\n\t\t\t\tif (dropm < vri_mopening_drop[3]) {\n\t\t\t\t\t\/\/ location is still closed at this time for a drop off\n\t\t\t\t\tjQuery('#vricomseldm').find('select').html('<option value=\"'+vri_mopening_drop[3]+'\">'+(vri_mopening_drop[3] < 10 ? '0'+vri_mopening_drop[3] : vri_mopening_drop[3])+'<\/option>').val(vri_mopening_drop[3]);\n\t\t\t\t}\n\t\t\t}\n\t\t}\n\n\t\treturn true;\n\t}\n\n\tjQuery(document).ready(function() {\n\t\n\t\tjQuery(document.body).on('click', '.vri-idetails-cal-pickday', function() {\n\t\t\tif (!jQuery(\"#pickupdate\").length) {\n\t\t\t\treturn;\n\t\t\t}\n\t\t\tvar tdday = jQuery(this).attr('data-daydate');\n\t\t\tif (!tdday || !tdday.length) {\n\t\t\t\treturn;\n\t\t\t}\n\t\t\t\/\/ set pick-up date in datepicker\n\t\t\tjQuery('#pickupdate').datepicker('setDate', tdday);\n\t\t\t\/\/ animate to datepickers position\n\t\t\tif (jQuery(\"#vri-bookingpart-init\").length) {\n\t\t\t\tjQuery('html,body').animate({\n\t\t\t\t\tscrollTop: (jQuery('#vri-bookingpart-init').offset().top - 5)\n\t\t\t\t}, 600, function() {\n\t\t\t\t\t\/\/ animation-complete callback should simulate the onSelect event of the pick-up datepicker\n\t\t\t\t\tif (typeof vriSetMinDropoffDate !== \"undefined\") {\n\t\t\t\t\t\tvriSetMinDropoffDate();\n\t\t\t\t\t}\n\t\t\t\t\tif (typeof vriLocationWopening !== \"undefined\") {\n\t\t\t\t\t\tvriLocationWopening('pickup');\n\t\t\t\t\t}\n\t\t\t\t\t\/\/ give focus to drop-off datepicker\n\t\t\t\t\tif (jQuery('#releasedate').length) {\n\t\t\t\t\t\tjQuery('#releasedate').focus();\n\t\t\t\t\t}\n\t\t\t\t});\n\t\t\t}\n\t\t});\n\t});\n\t<\/script>\n\t<\/div>\n\n<\/div>\n<\/div>\n","protected":false},"excerpt":{"rendered":"","protected":false},"author":2,"featured_media":0,"parent":1618,"menu_order":0,"comment_status":"closed","ping_status":"closed","template":"","meta":{"zakra_page_container_layout":"customizer","zakra_page_sidebar_layout":"customizer","zakra_remove_content_margin":false,"zakra_sidebar":"customizer","zakra_transparent_header":"customizer","zakra_logo":0,"zakra_main_header_style":"default","zakra_menu_item_color":"","zakra_menu_item_hover_color":"","zakra_menu_item_active_color":"","zakra_menu_active_style":"","zakra_page_header":true,"_joinchat":[],"footnotes":""},"class_list":["post-1661","page","type-page","status-publish","hentry"],"_links":{"self":[{"href":"https:\/\/infomesq.com.br\/aluguel\/wp-json\/wp\/v2\/pages\/1661","targetHints":{"allow":["GET"]}}],"collection":[{"href":"https:\/\/infomesq.com.br\/aluguel\/wp-json\/wp\/v2\/pages"}],"about":[{"href":"https:\/\/infomesq.com.br\/aluguel\/wp-json\/wp\/v2\/types\/page"}],"author":[{"embeddable":true,"href":"https:\/\/infomesq.com.br\/aluguel\/wp-json\/wp\/v2\/users\/2"}],"replies":[{"embeddable":true,"href":"https:\/\/infomesq.com.br\/aluguel\/wp-json\/wp\/v2\/comments?post=1661"}],"version-history":[{"count":0,"href":"https:\/\/infomesq.com.br\/aluguel\/wp-json\/wp\/v2\/pages\/1661\/revisions"}],"up":[{"embeddable":true,"href":"https:\/\/infomesq.com.br\/aluguel\/wp-json\/wp\/v2\/pages\/1618"}],"wp:attachment":[{"href":"https:\/\/infomesq.com.br\/aluguel\/wp-json\/wp\/v2\/media?parent=1661"}],"curies":[{"name":"wp","href":"https:\/\/api.w.org\/{rel}","templated":true}]}}