{"id":1624,"date":"2021-02-19T14:49:00","date_gmt":"2021-02-19T17:49:00","guid":{"rendered":"https:\/\/infomesq.com.br\/aluguel1\/?page_id=1624"},"modified":"2021-02-19T14:49:01","modified_gmt":"2021-02-19T17:49:01","slug":"acessorios","status":"publish","type":"page","link":"https:\/\/infomesq.com.br\/aluguel\/acessorios\/","title":{"rendered":"Acess\u00f3rios"},"content":{"rendered":"\n<div class=\"wp-block-vikrentitems-gutenberg-shortcodes\">\n<div class=\"wrap plugin-container\">\n\n\t\n\t\n\t<div class=\"vri-page-content\">\r\n\t<h3 class=\"vriclistheadt\">Acess\u00f3rios<\/h3>\r\n\t\t\t<div class=\"vricatdescr\">\r\n\t\t\t<p>Temos op\u00e7\u00f5es personalizadas, caso n\u00e3o encontre o que procura em nossa lista.\u00a0<br \/>Ligue\/Whats 51- 991633491, atendimento 24 Horas, entrega e recolhimento no local.<\/p>\t\t<\/div>\r\n\t\t\t<div class=\"vrilistcontainer\">\r\n\t\t<div class=\"vri-list-item-block\">\r\n\t\t\t<div class=\"vri-list-item-inner\">\r\n\t\t\t\t\t\t\t<div class=\"vri-list-item-img\">\r\n\t\t\t\t\t<img decoding=\"async\" src=\"https:\/\/infomesq.com.br\/aluguel\/wp-content\/plugins\/vikrentitems\/admin\/resources\/vthumb_emenda-hdmi-aluguel-infomesq.jpg\" alt=\"\" class=\"vrilistimg\"\/>\r\n\t\t\t\t<\/div>\r\n\t\t\t\t\t\t\t\t<div class=\"vri-list-item-descr\">\r\n\t\t\t\t\t<span class=\"vrilistitemname\">Emenda Hdmi<\/span>\r\n\t\t\t\t\t<span class=\"vrilistitemcat\">Acess\u00f3rios, Cabos<\/span>\r\n\t\t\t\t\t<div class=\"vrilistitemdescr\">\r\n\t\t\t\t\t\t<p>Emenda para Cabo HDMI<\/p>\n\t\t\t\t\t<\/div>\r\n\t\t\t\t\t\t\t\t<\/div>\r\n\t\t\t<\/div>\r\n\t\t\t<div class=\"vri-list-item-cont\">\r\n\t\t\t\t<div class=\"vrilistcostdivcont\">\r\n\t\t\t\t\t\t\t\t\t\t<div class=\"vrilistdivcost\">\r\n\t\t\t\t\t\t<span class=\"vriliststartfrom\">A Partir De<\/span>\r\n\t\t\t\t\t\t<span class=\"item_cost\">R$ 10,00<\/span>\r\n\t\t\t\t\t\t<span class=\"vriliststartfromtext\">Valor por Dia<\/span>\r\n\t\t\t\t\t<\/div>\r\n\t\t\t\t\t\t\t\t\t\t<span class=\"vrilistgoonlist\"><a href=\"https:\/\/infomesq.com.br\/aluguel\/laser\/?elemid=105\">SAIBA MAIS<\/a><\/span>\r\n\t\t\t\t<\/div>\r\n\t\t\t<\/div>\r\n\t\t<\/div>\r\n\t\t\t<div class=\"vri-list-item-block\">\r\n\t\t\t<div class=\"vri-list-item-inner\">\r\n\t\t\t\t\t\t\t<div class=\"vri-list-item-img\">\r\n\t\t\t\t\t<img decoding=\"async\" src=\"https:\/\/infomesq.com.br\/aluguel\/wp-content\/plugins\/vikrentitems\/admin\/resources\/vthumb_adaptador-hdmi-vga.jpg\" alt=\"\" class=\"vrilistimg\"\/>\r\n\t\t\t\t<\/div>\r\n\t\t\t\t\t\t\t\t<div class=\"vri-list-item-descr\">\r\n\t\t\t\t\t<span class=\"vrilistitemname\">Adaptador HDMI para VGA com Audio<\/span>\r\n\t\t\t\t\t<span class=\"vrilistitemcat\">Acess\u00f3rios<\/span>\r\n\t\t\t\t\t<div class=\"vrilistitemdescr\">\r\n\t\t\t\t\t\t<p>Conversor Hdmi Para Vga Para Tv Pc Xbox360 Notebook<\/p>\n\t\t\t\t\t<\/div>\r\n\t\t\t\t\t\t\t\t<\/div>\r\n\t\t\t<\/div>\r\n\t\t\t<div class=\"vri-list-item-cont\">\r\n\t\t\t\t<div class=\"vrilistcostdivcont\">\r\n\t\t\t\t\t\t\t\t\t\t<div class=\"vrilistdivcost\">\r\n\t\t\t\t\t\t<span class=\"vriliststartfrom\">A Partir De<\/span>\r\n\t\t\t\t\t\t<span class=\"item_cost\">R$ 20,00<\/span>\r\n\t\t\t\t\t\t<span class=\"vriliststartfromtext\">Por Dia<\/span>\r\n\t\t\t\t\t<\/div>\r\n\t\t\t\t\t\t\t\t\t\t<span class=\"vrilistgoonlist\"><a href=\"https:\/\/infomesq.com.br\/aluguel\/acessorios\/adaptador-hdmi-para-vga-com-audio\/\">SAIBA MAIS<\/a><\/span>\r\n\t\t\t\t<\/div>\r\n\t\t\t<\/div>\r\n\t\t<\/div>\r\n\t\t\t<div class=\"vri-list-item-block\">\r\n\t\t\t<div class=\"vri-list-item-inner\">\r\n\t\t\t\t\t\t\t<div class=\"vri-list-item-img\">\r\n\t\t\t\t\t<img decoding=\"async\" src=\"https:\/\/infomesq.com.br\/aluguel\/wp-content\/plugins\/vikrentitems\/admin\/resources\/vthumb_aluguel_de_cabo_adaptador_mini_displayport_thunderbolt_x_hdmi_macbook_pro_air_apple_infomesq.jpg\" alt=\"\" class=\"vrilistimg\"\/>\r\n\t\t\t\t<\/div>\r\n\t\t\t\t\t\t\t\t<div class=\"vri-list-item-descr\">\r\n\t\t\t\t\t<span class=\"vrilistitemname\">Adaptador Mini Displayport thunderbolt x Hdmi<\/span>\r\n\t\t\t\t\t<span class=\"vrilistitemcat\">Acess\u00f3rios<\/span>\r\n\t\t\t\t\t<div class=\"vrilistitemdescr\">\r\n\t\t\t\t\t\t<p>Cabo Adaptador Mini Displayport thunderbolt x Hdmi Macbook Pro Air Apple<\/p>\n\t\t\t\t\t<\/div>\r\n\t\t\t\t\t\t\t\t<\/div>\r\n\t\t\t<\/div>\r\n\t\t\t<div class=\"vri-list-item-cont\">\r\n\t\t\t\t<div class=\"vrilistcostdivcont\">\r\n\t\t\t\t\t\t\t\t\t\t<div class=\"vrilistdivcost\">\r\n\t\t\t\t\t\t<span class=\"vriliststartfrom\">A Partir De<\/span>\r\n\t\t\t\t\t\t<span class=\"item_cost\">R$ 30,00<\/span>\r\n\t\t\t\t\t\t<span class=\"vriliststartfromtext\">Valor por Dia<\/span>\r\n\t\t\t\t\t<\/div>\r\n\t\t\t\t\t\t\t\t\t\t<span class=\"vrilistgoonlist\"><a href=\"https:\/\/infomesq.com.br\/aluguel\/laser\/?elemid=90\">SAIBA MAIS<\/a><\/span>\r\n\t\t\t\t<\/div>\r\n\t\t\t<\/div>\r\n\t\t<\/div>\r\n\t\t\t<div class=\"vri-list-item-block\">\r\n\t\t\t<div class=\"vri-list-item-inner\">\r\n\t\t\t\t\t\t\t<div class=\"vri-list-item-img\">\r\n\t\t\t\t\t<img decoding=\"async\" src=\"https:\/\/infomesq.com.br\/aluguel\/wp-content\/plugins\/vikrentitems\/admin\/resources\/vthumb_splitter-2x1-hdmi-infomesq.jpg\" alt=\"\" class=\"vrilistimg\"\/>\r\n\t\t\t\t<\/div>\r\n\t\t\t\t\t\t\t\t<div class=\"vri-list-item-descr\">\r\n\t\t\t\t\t<span class=\"vrilistitemname\">HDMI Spliter 2x1<\/span>\r\n\t\t\t\t\t<span class=\"vrilistitemcat\">Acess\u00f3rios<\/span>\r\n\t\t\t\t\t<div class=\"vrilistitemdescr\">\r\n\t\t\t\t\t\t<p>Splitter HDMI - Mostra a mesma imagem em duas Telas. Equipamento com fonte de alimenta\u00e7\u00e3o.<\/p>\n\t\t\t\t\t<\/div>\r\n\t\t\t\t\t\t\t\t<\/div>\r\n\t\t\t<\/div>\r\n\t\t\t<div class=\"vri-list-item-cont\">\r\n\t\t\t\t<div class=\"vrilistcostdivcont\">\r\n\t\t\t\t\t\t\t\t\t\t<div class=\"vrilistdivcost\">\r\n\t\t\t\t\t\t<span class=\"vriliststartfrom\">A Partir De<\/span>\r\n\t\t\t\t\t\t<span class=\"item_cost\">R$ 35,00<\/span>\r\n\t\t\t\t\t\t<span class=\"vriliststartfromtext\">Valor por Dia<\/span>\r\n\t\t\t\t\t<\/div>\r\n\t\t\t\t\t\t\t\t\t\t<span class=\"vrilistgoonlist\"><a href=\"https:\/\/infomesq.com.br\/aluguel\/laser\/?elemid=113\">SAIBA MAIS<\/a><\/span>\r\n\t\t\t\t<\/div>\r\n\t\t\t<\/div>\r\n\t\t<\/div>\r\n\t\t\t<div class=\"vri-list-item-block\">\r\n\t\t\t<div class=\"vri-list-item-inner\">\r\n\t\t\t\t\t\t\t<div class=\"vri-list-item-img\">\r\n\t\t\t\t\t<img decoding=\"async\" src=\"https:\/\/infomesq.com.br\/aluguel\/wp-content\/plugins\/vikrentitems\/admin\/resources\/vthumb_transformador-500va-infomesq-rent.jfif\" alt=\"\" class=\"vrilistimg\"\/>\r\n\t\t\t\t<\/div>\r\n\t\t\t\t\t\t\t\t<div class=\"vri-list-item-descr\">\r\n\t\t\t\t\t<span class=\"vrilistitemname\">Transformador 500VA<\/span>\r\n\t\t\t\t\t<span class=\"vrilistitemcat\">Acess\u00f3rios<\/span>\r\n\t\t\t\t\t<div class=\"vrilistitemdescr\">\r\n\t\t\t\t\t\t<p>Autotransformador 500VA Bivolt Force Line<\/p>\n\t\t\t\t\t<\/div>\r\n\t\t\t\t\t\t\t\t<\/div>\r\n\t\t\t<\/div>\r\n\t\t\t<div class=\"vri-list-item-cont\">\r\n\t\t\t\t<div class=\"vrilistcostdivcont\">\r\n\t\t\t\t\t\t\t\t\t\t<div class=\"vrilistdivcost\">\r\n\t\t\t\t\t\t<span class=\"vriliststartfrom\">A Partir De<\/span>\r\n\t\t\t\t\t\t<span class=\"item_cost\">R$ 39,00<\/span>\r\n\t\t\t\t\t\t<span class=\"vriliststartfromtext\">Valor por Dia<\/span>\r\n\t\t\t\t\t<\/div>\r\n\t\t\t\t\t\t\t\t\t\t<span class=\"vrilistgoonlist\"><a href=\"https:\/\/infomesq.com.br\/aluguel\/laser\/?elemid=110\">SAIBA MAIS<\/a><\/span>\r\n\t\t\t\t<\/div>\r\n\t\t\t<\/div>\r\n\t\t<\/div>\r\n\t\t\t<div class=\"vri-list-item-block\">\r\n\t\t\t<div class=\"vri-list-item-inner\">\r\n\t\t\t\t\t\t\t<div class=\"vri-list-item-img\">\r\n\t\t\t\t\t<img decoding=\"async\" src=\"https:\/\/infomesq.com.br\/aluguel\/wp-content\/plugins\/vikrentitems\/admin\/resources\/vthumb_1adaptador-mini-display-port-para-vga.jpg\" alt=\"\" class=\"vrilistimg\"\/>\r\n\t\t\t\t<\/div>\r\n\t\t\t\t\t\t\t\t<div class=\"vri-list-item-descr\">\r\n\t\t\t\t\t<span class=\"vrilistitemname\">Adaptador Thunderbolt Mini Displayport Vga<\/span>\r\n\t\t\t\t\t<span class=\"vrilistitemcat\">Acess\u00f3rios<\/span>\r\n\t\t\t\t\t<div class=\"vrilistitemdescr\">\r\n\t\t\t\t\t\t<p>Converte Sinal Mini Display Port Para Vga (N\u00e3o Incluindo \u00c1udio) Comprimento Do Cabo: 30 Cm Cor: Preto<\/p>\n\t\t\t\t\t<\/div>\r\n\t\t\t\t\t\t\t\t<\/div>\r\n\t\t\t<\/div>\r\n\t\t\t<div class=\"vri-list-item-cont\">\r\n\t\t\t\t<div class=\"vrilistcostdivcont\">\r\n\t\t\t\t\t\t\t\t\t\t<div class=\"vrilistdivcost\">\r\n\t\t\t\t\t\t<span class=\"vriliststartfrom\">A Partir De<\/span>\r\n\t\t\t\t\t\t<span class=\"item_cost\">R$ 50,00<\/span>\r\n\t\t\t\t\t\t<span class=\"vriliststartfromtext\">Por Dia<\/span>\r\n\t\t\t\t\t<\/div>\r\n\t\t\t\t\t\t\t\t\t\t<span class=\"vrilistgoonlist\"><a href=\"https:\/\/infomesq.com.br\/aluguel\/acessorios\/conversor-mini-display-port-para-vga\/\">SAIBA MAIS<\/a><\/span>\r\n\t\t\t\t<\/div>\r\n\t\t\t<\/div>\r\n\t\t<\/div>\r\n\t\t\t<div class=\"vri-list-item-block\">\r\n\t\t\t<div class=\"vri-list-item-inner\">\r\n\t\t\t\t\t\t\t<div class=\"vri-list-item-img\">\r\n\t\t\t\t\t<img decoding=\"async\" src=\"https:\/\/infomesq.com.br\/aluguel\/wp-content\/plugins\/vikrentitems\/admin\/resources\/vthumb_cabo-adaptador-3-em-1-conversor-usb-tipo-c-para-hdmi-usb-30-tipo.jpeg\" alt=\"\" class=\"vrilistimg\"\/>\r\n\t\t\t\t<\/div>\r\n\t\t\t\t\t\t\t\t<div class=\"vri-list-item-descr\">\r\n\t\t\t\t\t<span class=\"vrilistitemname\">Adaptador 3 em 1 Conversor USB Tipo-C<\/span>\r\n\t\t\t\t\t<span class=\"vrilistitemcat\">Acess\u00f3rios<\/span>\r\n\t\t\t\t\t<div class=\"vrilistitemdescr\">\r\n\t\t\t\t\t\t<p>Cabo Adaptador 3 em 1 Conversor USB Tipo-C para HDMI + USB 3.0 + Tipo C<\/p>\n\t\t\t\t\t<\/div>\r\n\t\t\t\t\t\t\t\t<\/div>\r\n\t\t\t<\/div>\r\n\t\t\t<div class=\"vri-list-item-cont\">\r\n\t\t\t\t<div class=\"vrilistcostdivcont\">\r\n\t\t\t\t\t\t\t\t\t\t<div class=\"vrilistdivcost\">\r\n\t\t\t\t\t\t<span class=\"vriliststartfrom\">A Partir De<\/span>\r\n\t\t\t\t\t\t<span class=\"item_cost\">R$ 50,00<\/span>\r\n\t\t\t\t\t\t<span class=\"vriliststartfromtext\">Valor por Dia<\/span>\r\n\t\t\t\t\t<\/div>\r\n\t\t\t\t\t\t\t\t\t\t<span class=\"vrilistgoonlist\"><a href=\"https:\/\/infomesq.com.br\/aluguel\/adaptador-3-em-1-conversor-usb-tipo-c\/\">SAIBA MAIS<\/a><\/span>\r\n\t\t\t\t<\/div>\r\n\t\t\t<\/div>\r\n\t\t<\/div>\r\n\t\t\t<div class=\"vri-list-item-block\">\r\n\t\t\t<div class=\"vri-list-item-inner\">\r\n\t\t\t\t\t\t\t<div class=\"vri-list-item-img\">\r\n\t\t\t\t\t<img decoding=\"async\" src=\"https:\/\/infomesq.com.br\/aluguel\/wp-content\/plugins\/vikrentitems\/admin\/resources\/vthumb_conversor-digital-keo.jpg\" alt=\"\" class=\"vrilistimg\"\/>\r\n\t\t\t\t<\/div>\r\n\t\t\t\t\t\t\t\t<div class=\"vri-list-item-descr\">\r\n\t\t\t\t\t<span class=\"vrilistitemname\">Conversor Digital Keo<\/span>\r\n\t\t\t\t\t<span class=\"vrilistitemcat\">Acess\u00f3rios<\/span>\r\n\t\t\t\t\t<div class=\"vrilistitemdescr\">\r\n\t\t\t\t\t\t<p>O conversor digital K 900 da KEO leva sinal digital para TVs que possuem tecnologia anal\u00f3gica. Ele tem entrada USB para pen drive, que reproduz filmes, fotos e m\u00fasicas, ele grava durante a programa\u00e7\u00e3o ou por agendamento.<\/p>\n\t\t\t\t\t<\/div>\r\n\t\t\t\t\t\t\t\t<\/div>\r\n\t\t\t<\/div>\r\n\t\t\t<div class=\"vri-list-item-cont\">\r\n\t\t\t\t<div class=\"vrilistcostdivcont\">\r\n\t\t\t\t\t\t\t\t\t\t<div class=\"vrilistdivcost\">\r\n\t\t\t\t\t\t<span class=\"vriliststartfrom\">A Partir De<\/span>\r\n\t\t\t\t\t\t<span class=\"item_cost\">R$ 70,00<\/span>\r\n\t\t\t\t\t\t<span class=\"vriliststartfromtext\">Por Dia<\/span>\r\n\t\t\t\t\t<\/div>\r\n\t\t\t\t\t\t\t\t\t\t<span class=\"vrilistgoonlist\"><a href=\"https:\/\/infomesq.com.br\/aluguel\/acessorios\/conversor-digital-keo\/\">SAIBA MAIS<\/a><\/span>\r\n\t\t\t\t<\/div>\r\n\t\t\t<\/div>\r\n\t\t<\/div>\r\n\t\t\t<div class=\"vri-list-item-block\">\r\n\t\t\t<div class=\"vri-list-item-inner\">\r\n\t\t\t\t\t\t\t<div class=\"vri-list-item-img\">\r\n\t\t\t\t\t<img decoding=\"async\" src=\"https:\/\/infomesq.com.br\/aluguel\/wp-content\/plugins\/vikrentitems\/admin\/resources\/vthumb_c925e-business-webcam.jpg\" alt=\"\" class=\"vrilistimg\"\/>\r\n\t\t\t\t<\/div>\r\n\t\t\t\t\t\t\t\t<div class=\"vri-list-item-descr\">\r\n\t\t\t\t\t<span class=\"vrilistitemname\">C925E Business Webcam<\/span>\r\n\t\t\t\t\t<span class=\"vrilistitemcat\">Acess\u00f3rios<\/span>\r\n\t\t\t\t\t<div class=\"vrilistitemdescr\">\r\n\t\t\t\t\t\t<p>V\u00eddeos em alta defini\u00e7\u00e3o em qualquer ambiente de trabalho.<\/p>\n\t\t\t\t\t<\/div>\r\n\t\t\t\t\t\t\t\t<\/div>\r\n\t\t\t<\/div>\r\n\t\t\t<div class=\"vri-list-item-cont\">\r\n\t\t\t\t<div class=\"vrilistcostdivcont\">\r\n\t\t\t\t\t\t\t\t\t\t<div class=\"vrilistdivcost\">\r\n\t\t\t\t\t\t<span class=\"vriliststartfrom\">A Partir De<\/span>\r\n\t\t\t\t\t\t<span class=\"item_cost\">R$ 90,00<\/span>\r\n\t\t\t\t\t\t<span class=\"vriliststartfromtext\">Por Dia<\/span>\r\n\t\t\t\t\t<\/div>\r\n\t\t\t\t\t\t\t\t\t\t<span class=\"vrilistgoonlist\"><a href=\"https:\/\/infomesq.com.br\/aluguel\/acessorios\/c925e-business-webcam\/\">SAIBA MAIS<\/a><\/span>\r\n\t\t\t\t<\/div>\r\n\t\t\t<\/div>\r\n\t\t<\/div>\r\n\t\t\t<div class=\"vri-list-item-block\">\r\n\t\t\t<div class=\"vri-list-item-inner\">\r\n\t\t\t\t\t\t\t<div class=\"vri-list-item-img\">\r\n\t\t\t\t\t<img decoding=\"async\" src=\"https:\/\/infomesq.com.br\/aluguel\/wp-content\/plugins\/vikrentitems\/admin\/resources\/1starlink-case-veicular-ima-infomesq.webp\" alt=\"\" class=\"vrilistimg\"\/>\r\n\t\t\t\t<\/div>\r\n\t\t\t\t\t\t\t\t<div class=\"vri-list-item-descr\">\r\n\t\t\t\t\t<span class=\"vrilistitemname\">Case Veicular com Im\u00e3 Starlink<\/span>\r\n\t\t\t\t\t<span class=\"vrilistitemcat\">Acess\u00f3rios<\/span>\r\n\t\t\t\t\t<div class=\"vrilistitemdescr\">\r\n\t\t\t\t\t\t<p>Case Veicular com Im\u00e3 para Starlink<\/p>\n\t\t\t\t\t<\/div>\r\n\t\t\t\t\t\t\t\t<\/div>\r\n\t\t\t<\/div>\r\n\t\t\t<div class=\"vri-list-item-cont\">\r\n\t\t\t\t<div class=\"vrilistcostdivcont\">\r\n\t\t\t\t\t\t\t\t\t\t<div class=\"vrilistdivcost\">\r\n\t\t\t\t\t\t<span class=\"vriliststartfrom\">A Partir De<\/span>\r\n\t\t\t\t\t\t<span class=\"item_cost\">R$ 100,00<\/span>\r\n\t\t\t\t\t\t<span class=\"vriliststartfromtext\">Valor por Dia<\/span>\r\n\t\t\t\t\t<\/div>\r\n\t\t\t\t\t\t\t\t\t\t<span class=\"vrilistgoonlist\"><a href=\"https:\/\/infomesq.com.br\/aluguel\/laser\/?elemid=140\">SAIBA MAIS<\/a><\/span>\r\n\t\t\t\t<\/div>\r\n\t\t\t<\/div>\r\n\t\t<\/div>\r\n\t\t\t<div class=\"vri-list-item-block\">\r\n\t\t\t<div class=\"vri-list-item-inner\">\r\n\t\t\t\t\t\t\t<div class=\"vri-list-item-img\">\r\n\t\t\t\t\t<img decoding=\"async\" src=\"https:\/\/infomesq.com.br\/aluguel\/wp-content\/plugins\/vikrentitems\/admin\/resources\/starlinkmini-infomesq.webp\" alt=\"\" class=\"vrilistimg\"\/>\r\n\t\t\t\t<\/div>\r\n\t\t\t\t\t\t\t\t<div class=\"vri-list-item-descr\">\r\n\t\t\t\t\t<span class=\"vrilistitemname\">Starlink Mini - Internet via Sat\u00e9lite para Eventos<\/span>\r\n\t\t\t\t\t<span class=\"vrilistitemcat\">Notebooks, Acess\u00f3rios, Internet<\/span>\r\n\t\t\t\t\t<div class=\"vrilistitemdescr\">\r\n\t\t\t\t\t\t<p>Solu\u00e7\u00e3o compacta, pr\u00e1tica e econ\u00f4mica para levar internet de alta velocidade a qualquer lugar. A Starlink Mini \u00e9 perfeita para eventos menores, equipes externas, caixas de pagamento, stands, apoio t\u00e9cnico, viagens, motorhomes e transmiss\u00f5es m\u00f3veis em ve\u00edculos.<br \/>\nLeve, port\u00e1til e de instala\u00e7\u00e3o simples, oferece excelente custo-benef\u00edcio para quem precisa de mobilidade sem abrir m\u00e3o da estabilidade da tecnologia Starlink.<br \/>\nIndicada para:<br \/>\nEventos pequenos, PDVs, equipes m\u00f3veis, internet emergencial, viagens<\/p>\n\t\t\t\t\t<\/div>\r\n\t\t\t\t\t\t\t\t<\/div>\r\n\t\t\t<\/div>\r\n\t\t\t<div class=\"vri-list-item-cont\">\r\n\t\t\t\t<div class=\"vrilistcostdivcont\">\r\n\t\t\t\t\t\t\t\t\t\t<div class=\"vrilistdivcost\">\r\n\t\t\t\t\t\t<span class=\"vriliststartfrom\">A Partir De<\/span>\r\n\t\t\t\t\t\t<span class=\"item_cost\">R$ 290,00<\/span>\r\n\t\t\t\t\t\t<span class=\"vriliststartfromtext\">Valor por Dia<\/span>\r\n\t\t\t\t\t<\/div>\r\n\t\t\t\t\t\t\t\t\t\t<span class=\"vrilistgoonlist\"><a href=\"https:\/\/infomesq.com.br\/aluguel\/laser\/?elemid=131\">SAIBA MAIS<\/a><\/span>\r\n\t\t\t\t<\/div>\r\n\t\t\t<\/div>\r\n\t\t<\/div>\r\n\t\t\t<div class=\"vri-list-item-block\">\r\n\t\t\t<div class=\"vri-list-item-inner\">\r\n\t\t\t\t\t\t\t<div class=\"vri-list-item-img\">\r\n\t\t\t\t\t<img decoding=\"async\" src=\"https:\/\/infomesq.com.br\/aluguel\/wp-content\/plugins\/vikrentitems\/admin\/resources\/antena-de-internet-starlink-via-sat-lite-standard-kit-v4-infomesq.webp\" alt=\"\" class=\"vrilistimg\"\/>\r\n\t\t\t\t<\/div>\r\n\t\t\t\t\t\t\t\t<div class=\"vri-list-item-descr\">\r\n\t\t\t\t\t<span class=\"vrilistitemname\">Starlink Gen3 V4 - Internet via Sat\u00e9lite para Eventos<\/span>\r\n\t\t\t\t\t<span class=\"vrilistitemcat\">Notebooks, Acess\u00f3rios, Internet<\/span>\r\n\t\t\t\t\t<div class=\"vrilistitemdescr\">\r\n\t\t\t\t\t\t<p>Internet de alta performance desenvolvida para eventos e opera\u00e7\u00f5es empresariais que exigem m\u00e1xima estabilidade e desempenho. A Starlink Gen3 V4 \u00e9 ideal para transmiss\u00f5es ao vivo, eventos corporativos, feiras, credenciamento, produ\u00e7\u00e3o audiovisual, escrit\u00f3rios tempor\u00e1rios, obras, empresas e opera\u00e7\u00f5es com muitos dispositivos conectados simultaneamente.<\/p>\n\t\t\t\t\t<\/div>\r\n\t\t\t\t\t\t\t\t<\/div>\r\n\t\t\t<\/div>\r\n\t\t\t<div class=\"vri-list-item-cont\">\r\n\t\t\t\t<div class=\"vrilistcostdivcont\">\r\n\t\t\t\t\t\t\t\t\t\t<div class=\"vrilistdivcost\">\r\n\t\t\t\t\t\t<span class=\"vriliststartfrom\">A Partir De<\/span>\r\n\t\t\t\t\t\t<span class=\"item_cost\">R$ 590,00<\/span>\r\n\t\t\t\t\t\t<span class=\"vriliststartfromtext\">Valor por Dia<\/span>\r\n\t\t\t\t\t<\/div>\r\n\t\t\t\t\t\t\t\t\t\t<span class=\"vrilistgoonlist\"><a href=\"https:\/\/infomesq.com.br\/aluguel\/laser\/?elemid=146\">SAIBA MAIS<\/a><\/span>\r\n\t\t\t\t<\/div>\r\n\t\t\t<\/div>\r\n\t\t<\/div>\r\n\t\t<\/div>\r\n\r\n<\/div>\r\n\n<\/div>\n<\/div>\n","protected":false},"excerpt":{"rendered":"","protected":false},"author":2,"featured_media":0,"parent":0,"menu_order":0,"comment_status":"closed","ping_status":"closed","template":"","meta":{"zakra_page_container_layout":"customizer","zakra_page_sidebar_layout":"customizer","zakra_remove_content_margin":false,"zakra_sidebar":"customizer","zakra_transparent_header":"customizer","zakra_logo":0,"zakra_main_header_style":"default","zakra_menu_item_color":"","zakra_menu_item_hover_color":"","zakra_menu_item_active_color":"","zakra_menu_active_style":"","zakra_page_header":true,"_joinchat":[],"footnotes":""},"class_list":["post-1624","page","type-page","status-publish","hentry"],"_links":{"self":[{"href":"https:\/\/infomesq.com.br\/aluguel\/wp-json\/wp\/v2\/pages\/1624","targetHints":{"allow":["GET"]}}],"collection":[{"href":"https:\/\/infomesq.com.br\/aluguel\/wp-json\/wp\/v2\/pages"}],"about":[{"href":"https:\/\/infomesq.com.br\/aluguel\/wp-json\/wp\/v2\/types\/page"}],"author":[{"embeddable":true,"href":"https:\/\/infomesq.com.br\/aluguel\/wp-json\/wp\/v2\/users\/2"}],"replies":[{"embeddable":true,"href":"https:\/\/infomesq.com.br\/aluguel\/wp-json\/wp\/v2\/comments?post=1624"}],"version-history":[{"count":0,"href":"https:\/\/infomesq.com.br\/aluguel\/wp-json\/wp\/v2\/pages\/1624\/revisions"}],"wp:attachment":[{"href":"https:\/\/infomesq.com.br\/aluguel\/wp-json\/wp\/v2\/media?parent=1624"}],"curies":[{"name":"wp","href":"https:\/\/api.w.org\/{rel}","templated":true}]}}