{"id":1605,"date":"2021-02-19T14:04:43","date_gmt":"2021-02-19T17:04:43","guid":{"rendered":"https:\/\/infomesq.com.br\/aluguel1\/?page_id=1605"},"modified":"2021-02-26T14:19:01","modified_gmt":"2021-02-26T17:19:01","slug":"notebooks","status":"publish","type":"page","link":"https:\/\/infomesq.com.br\/aluguel\/notebooks\/","title":{"rendered":"Notebooks"},"content":{"rendered":"\n<div class=\"wp-block-vikrentitems-gutenberg-shortcodes\">\n<div class=\"wrap plugin-container\">\n\n\t\n\t\n\t<div class=\"vri-page-content\">\r\n\t<h3 class=\"vriclistheadt\">Notebooks<\/h3>\r\n\t\t\t<div class=\"vricatdescr\">\r\n\t\t\tTemos op\u00e7\u00f5es personalizadas, caso n\u00e3o encontre o que procura em nossa lista.\r\nLigue\/Whats 51- 30317869, atendimento 24 Horas, entrega e recolhimento no local.\t\t<\/div>\r\n\t\t\t<div class=\"vrilistcontainer\">\r\n\t\t<div class=\"vri-list-item-block\">\r\n\t\t\t<div class=\"vri-list-item-inner\">\r\n\t\t\t\t\t\t\t<div class=\"vri-list-item-img\">\r\n\t\t\t\t\t<img decoding=\"async\" src=\"https:\/\/infomesq.com.br\/aluguel\/wp-content\/plugins\/vikrentitems\/admin\/resources\/vthumb_notebook-lenovo-ideapad-310-intel-core-i7-8gb-1tb-led-14-quot-windows-10-prata.png\" alt=\"\" class=\"vrilistimg\"\/>\r\n\t\t\t\t<\/div>\r\n\t\t\t\t\t\t\t\t<div class=\"vri-list-item-descr\">\r\n\t\t\t\t\t<span class=\"vrilistitemname\">Notebook Lenovo IdeaPad 310 i3 4gb<\/span>\r\n\t\t\t\t\t<span class=\"vrilistitemcat\">Notebooks<\/span>\r\n\t\t\t\t\t<div class=\"vrilistitemdescr\">\r\n\t\t\t\t\t\t<p>Lenovo IdeaPad 310 14 isk Intel I3  4Gb SSD 120Gb Windows 10<\/p>\n\t\t\t\t\t<\/div>\r\n\t\t\t\t\t\t\t\t<\/div>\r\n\t\t\t<\/div>\r\n\t\t\t<div class=\"vri-list-item-cont\">\r\n\t\t\t\t<div class=\"vrilistcostdivcont\">\r\n\t\t\t\t\t\t\t\t\t\t<div class=\"vrilistdivcost\">\r\n\t\t\t\t\t\t<span class=\"vriliststartfrom\">A Partir De<\/span>\r\n\t\t\t\t\t\t<span class=\"item_cost\">R$ 120,00<\/span>\r\n\t\t\t\t\t\t<span class=\"vriliststartfromtext\">Por Dia<\/span>\r\n\t\t\t\t\t<\/div>\r\n\t\t\t\t\t\t\t\t\t\t<span class=\"vrilistgoonlist\"><a href=\"https:\/\/infomesq.com.br\/aluguel\/notebook-lenovo-i3-4gb\/\">SAIBA MAIS<\/a><\/span>\r\n\t\t\t\t<\/div>\r\n\t\t\t<\/div>\r\n\t\t<\/div>\r\n\t\t\t<div class=\"vri-list-item-block\">\r\n\t\t\t<div class=\"vri-list-item-inner\">\r\n\t\t\t\t\t\t\t<div class=\"vri-list-item-img\">\r\n\t\t\t\t\t<img decoding=\"async\" src=\"https:\/\/infomesq.com.br\/aluguel\/wp-content\/plugins\/vikrentitems\/admin\/resources\/u6-plus2.jpg\" alt=\"\" class=\"vrilistimg\"\/>\r\n\t\t\t\t<\/div>\r\n\t\t\t\t\t\t\t\t<div class=\"vri-list-item-descr\">\r\n\t\t\t\t\t<span class=\"vrilistitemname\">Access Point Ubiquiti Unifi U6+ Wi-fi 6 U6-plus<\/span>\r\n\t\t\t\t\t<span class=\"vrilistitemcat\">Notebooks, Internet<\/span>\r\n\t\t\t\t\t<div class=\"vrilistitemdescr\">\r\n\t\t\t\t\t\t<p>AP WiFi 6 com 4 fluxos e WiFi 6 de banda dupla. Ideal para pequenos e m\u00e9dios eventos<\/p>\n\t\t\t\t\t<\/div>\r\n\t\t\t\t\t\t\t\t<\/div>\r\n\t\t\t<\/div>\r\n\t\t\t<div class=\"vri-list-item-cont\">\r\n\t\t\t\t<div class=\"vrilistcostdivcont\">\r\n\t\t\t\t\t\t\t\t\t\t<div class=\"vrilistdivcost\">\r\n\t\t\t\t\t\t<span class=\"vriliststartfrom\">A Partir De<\/span>\r\n\t\t\t\t\t\t<span class=\"item_cost\">R$ 190,00<\/span>\r\n\t\t\t\t\t\t<span class=\"vriliststartfromtext\">Valor por Dia<\/span>\r\n\t\t\t\t\t<\/div>\r\n\t\t\t\t\t\t\t\t\t\t<span class=\"vrilistgoonlist\"><a href=\"https:\/\/infomesq.com.br\/aluguel\/laser\/?elemid=142\">SAIBA MAIS<\/a><\/span>\r\n\t\t\t\t<\/div>\r\n\t\t\t<\/div>\r\n\t\t<\/div>\r\n\t\t\t<div class=\"vri-list-item-block\">\r\n\t\t\t<div class=\"vri-list-item-inner\">\r\n\t\t\t\t\t\t\t<div class=\"vri-list-item-img\">\r\n\t\t\t\t\t<img decoding=\"async\" src=\"https:\/\/infomesq.com.br\/aluguel\/wp-content\/plugins\/vikrentitems\/admin\/resources\/vthumb_notebook-i7.jpg\" alt=\"\" class=\"vrilistimg\"\/>\r\n\t\t\t\t<\/div>\r\n\t\t\t\t\t\t\t\t<div class=\"vri-list-item-descr\">\r\n\t\t\t\t\t<span class=\"vrilistitemname\">Notebook Samsung i7 8Gb 1Tb<\/span>\r\n\t\t\t\t\t<span class=\"vrilistitemcat\">Notebooks<\/span>\r\n\t\t\t\t\t<div class=\"vrilistitemdescr\">\r\n\t\t\t\t\t\t<p>Notebook Samsung Expert X40 Intel Core i7 1165 8GB RAM Placa de V\u00eddeo MX 450 2GB Mem\u00f3ria Dedicada de Video, SSD 256GB Nvme,  LED 15,6\" Windows 10 Preto<\/p>\n\t\t\t\t\t<\/div>\r\n\t\t\t\t\t\t\t\t<\/div>\r\n\t\t\t<\/div>\r\n\t\t\t<div class=\"vri-list-item-cont\">\r\n\t\t\t\t<div class=\"vrilistcostdivcont\">\r\n\t\t\t\t\t\t\t\t\t\t<div class=\"vrilistdivcost\">\r\n\t\t\t\t\t\t<span class=\"vriliststartfrom\">A Partir De<\/span>\r\n\t\t\t\t\t\t<span class=\"item_cost\">R$ 150,00<\/span>\r\n\t\t\t\t\t\t<span class=\"vriliststartfromtext\">Por Dia<\/span>\r\n\t\t\t\t\t<\/div>\r\n\t\t\t\t\t\t\t\t\t\t<span class=\"vrilistgoonlist\"><a href=\"https:\/\/infomesq.com.br\/aluguel\/notebooks\/notebook-i7-8gb-1tb\/\">SAIBA MAIS<\/a><\/span>\r\n\t\t\t\t<\/div>\r\n\t\t\t<\/div>\r\n\t\t<\/div>\r\n\t\t\t<div class=\"vri-list-item-block\">\r\n\t\t\t<div class=\"vri-list-item-inner\">\r\n\t\t\t\t\t\t\t<div class=\"vri-list-item-img\">\r\n\t\t\t\t\t<img decoding=\"async\" src=\"https:\/\/infomesq.com.br\/aluguel\/wp-content\/plugins\/vikrentitems\/admin\/resources\/unifigateway.jpg\" alt=\"\" class=\"vrilistimg\"\/>\r\n\t\t\t\t<\/div>\r\n\t\t\t\t\t\t\t\t<div class=\"vri-list-item-descr\">\r\n\t\t\t\t\t<span class=\"vrilistitemname\">UniFi Cloud Gateway UCG Ultra Ubiquiti<\/span>\r\n\t\t\t\t\t<span class=\"vrilistitemcat\">Notebooks, Internet<\/span>\r\n\t\t\t\t\t<div class=\"vrilistitemdescr\">\r\n\t\t\t\t\t\t<p>Cloud Gateway, mais de 300 clientes, roteamento IPS de 1 Gbps e balanceamento de carga multi-WAN.<\/p>\n\t\t\t\t\t<\/div>\r\n\t\t\t\t\t\t\t\t<\/div>\r\n\t\t\t<\/div>\r\n\t\t\t<div class=\"vri-list-item-cont\">\r\n\t\t\t\t<div class=\"vrilistcostdivcont\">\r\n\t\t\t\t\t\t\t\t\t\t<div class=\"vrilistdivcost\">\r\n\t\t\t\t\t\t<span class=\"vriliststartfrom\">A Partir De<\/span>\r\n\t\t\t\t\t\t<span class=\"item_cost\">R$ 350,00<\/span>\r\n\t\t\t\t\t\t<span class=\"vriliststartfromtext\">Valor por Dia<\/span>\r\n\t\t\t\t\t<\/div>\r\n\t\t\t\t\t\t\t\t\t\t<span class=\"vrilistgoonlist\"><a href=\"https:\/\/infomesq.com.br\/aluguel\/laser\/?elemid=141\">SAIBA MAIS<\/a><\/span>\r\n\t\t\t\t<\/div>\r\n\t\t\t<\/div>\r\n\t\t<\/div>\r\n\t\t\t<div class=\"vri-list-item-block\">\r\n\t\t\t<div class=\"vri-list-item-inner\">\r\n\t\t\t\t\t\t\t<div class=\"vri-list-item-img\">\r\n\t\t\t\t\t<img decoding=\"async\" src=\"https:\/\/infomesq.com.br\/aluguel\/wp-content\/plugins\/vikrentitems\/admin\/resources\/vthumb_starlink-infomesq13.jpg\" alt=\"\" class=\"vrilistimg\"\/>\r\n\t\t\t\t<\/div>\r\n\t\t\t\t\t\t\t\t<div class=\"vri-list-item-descr\">\r\n\t\t\t\t\t<span class=\"vrilistitemname\">Starlink Mini - Internet via Sat\u00e9lite para Eventos<\/span>\r\n\t\t\t\t\t<span class=\"vrilistitemcat\">Notebooks, Acess\u00f3rios, Internet<\/span>\r\n\t\t\t\t\t<div class=\"vrilistitemdescr\">\r\n\t\t\t\t\t\t<p>Alugue internet de alta velocidade com a tecnologia Star link para eventos, feiras, shows, palestras e transmiss\u00f5es ao vivo. Funciona em qualquer lugar do Brasil com instala\u00e7\u00e3o r\u00e1pida e sinal est\u00e1vel.<\/p>\n\t\t\t\t\t<\/div>\r\n\t\t\t\t\t\t\t\t<\/div>\r\n\t\t\t<\/div>\r\n\t\t\t<div class=\"vri-list-item-cont\">\r\n\t\t\t\t<div class=\"vrilistcostdivcont\">\r\n\t\t\t\t\t\t\t\t\t\t<div class=\"vrilistdivcost\">\r\n\t\t\t\t\t\t<span class=\"vriliststartfrom\">A Partir De<\/span>\r\n\t\t\t\t\t\t<span class=\"item_cost\">R$ 390,00<\/span>\r\n\t\t\t\t\t\t<span class=\"vriliststartfromtext\">Valor por Dia<\/span>\r\n\t\t\t\t\t<\/div>\r\n\t\t\t\t\t\t\t\t\t\t<span class=\"vrilistgoonlist\"><a href=\"https:\/\/infomesq.com.br\/aluguel\/laser\/?elemid=131\">SAIBA MAIS<\/a><\/span>\r\n\t\t\t\t<\/div>\r\n\t\t\t<\/div>\r\n\t\t<\/div>\r\n\t\t<\/div>\r\n\r\n<\/div>\r\n\n<\/div>\n<\/div>\n\n\n\n<p><\/p>\n","protected":false},"excerpt":{"rendered":"","protected":false},"author":2,"featured_media":0,"parent":0,"menu_order":0,"comment_status":"closed","ping_status":"closed","template":"","meta":{"zakra_page_container_layout":"customizer","zakra_page_sidebar_layout":"customizer","zakra_remove_content_margin":false,"zakra_sidebar":"customizer","zakra_transparent_header":"customizer","zakra_logo":0,"zakra_main_header_style":"default","zakra_menu_item_color":"","zakra_menu_item_hover_color":"","zakra_menu_item_active_color":"","zakra_menu_active_style":"","zakra_page_header":true,"_joinchat":[],"footnotes":""},"class_list":["post-1605","page","type-page","status-publish","hentry"],"_links":{"self":[{"href":"https:\/\/infomesq.com.br\/aluguel\/wp-json\/wp\/v2\/pages\/1605","targetHints":{"allow":["GET"]}}],"collection":[{"href":"https:\/\/infomesq.com.br\/aluguel\/wp-json\/wp\/v2\/pages"}],"about":[{"href":"https:\/\/infomesq.com.br\/aluguel\/wp-json\/wp\/v2\/types\/page"}],"author":[{"embeddable":true,"href":"https:\/\/infomesq.com.br\/aluguel\/wp-json\/wp\/v2\/users\/2"}],"replies":[{"embeddable":true,"href":"https:\/\/infomesq.com.br\/aluguel\/wp-json\/wp\/v2\/comments?post=1605"}],"version-history":[{"count":0,"href":"https:\/\/infomesq.com.br\/aluguel\/wp-json\/wp\/v2\/pages\/1605\/revisions"}],"wp:attachment":[{"href":"https:\/\/infomesq.com.br\/aluguel\/wp-json\/wp\/v2\/media?parent=1605"}],"curies":[{"name":"wp","href":"https:\/\/api.w.org\/{rel}","templated":true}]}}