{"id":1593,"date":"2021-02-19T11:49:02","date_gmt":"2021-02-19T14:49:02","guid":{"rendered":"https:\/\/infomesq.com.br\/aluguel1\/?page_id=1593"},"modified":"2021-02-19T11:56:15","modified_gmt":"2021-02-19T14:56:15","slug":"tvs","status":"publish","type":"page","link":"https:\/\/infomesq.com.br\/aluguel\/tvs\/","title":{"rendered":"TVs"},"content":{"rendered":"\n<div class=\"wp-block-vikrentitems-gutenberg-shortcodes\">\n<div class=\"wrap plugin-container\">\n\n\t\n\t\n\t<div class=\"vri-page-content\">\r\n\t<h3 class=\"vriclistheadt\">TVs<\/h3>\r\n\t\t\t<div class=\"vricatdescr\">\r\n\t\t\tTemos op\u00e7\u00f5es personalizadas, caso n\u00e3o encontre o que procura em nossa lista.\r\nLigue\/Whats 51- 30317869, atendimento 24 Horas, entrega e recolhimento no local.\t\t<\/div>\r\n\t\t\t<div class=\"vrilistcontainer\">\r\n\t\t<div class=\"vri-list-item-block\">\r\n\t\t\t<div class=\"vri-list-item-inner\">\r\n\t\t\t\t\t\t\t<div class=\"vri-list-item-img\">\r\n\t\t\t\t\t<img decoding=\"async\" src=\"https:\/\/infomesq.com.br\/aluguel\/wp-content\/plugins\/vikrentitems\/admin\/resources\/vthumb_tv-32polegadas.jpg\" alt=\"\" class=\"vrilistimg\"\/>\r\n\t\t\t\t<\/div>\r\n\t\t\t\t\t\t\t\t<div class=\"vri-list-item-descr\">\r\n\t\t\t\t\t<span class=\"vrilistitemname\">Smart TV LED 32\" SAMSUNG FULL HD<\/span>\r\n\t\t\t\t\t<span class=\"vrilistitemcat\">TVs<\/span>\r\n\t\t\t\t\t<div class=\"vrilistitemdescr\">\r\n\t\t\t\t\t\t<p>Smart TV LED 32\" Samsung FULL HD<\/p>\n\t\t\t\t\t<\/div>\r\n\t\t\t\t\t\t\t\t<\/div>\r\n\t\t\t<\/div>\r\n\t\t\t<div class=\"vri-list-item-cont\">\r\n\t\t\t\t<div class=\"vrilistcostdivcont\">\r\n\t\t\t\t\t\t\t\t\t\t<div class=\"vrilistdivcost\">\r\n\t\t\t\t\t\t<span class=\"vriliststartfrom\">A Partir De<\/span>\r\n\t\t\t\t\t\t<span class=\"item_cost\">R$ 220,00<\/span>\r\n\t\t\t\t\t\t<span class=\"vriliststartfromtext\">Por Dia<\/span>\r\n\t\t\t\t\t<\/div>\r\n\t\t\t\t\t\t\t\t\t\t<span class=\"vrilistgoonlist\"><a href=\"https:\/\/infomesq.com.br\/aluguel\/tvs\/tv-samsung-32-infomesq-aluguel\/\">SAIBA MAIS<\/a><\/span>\r\n\t\t\t\t<\/div>\r\n\t\t\t<\/div>\r\n\t\t<\/div>\r\n\t\t\t<div class=\"vri-list-item-block\">\r\n\t\t\t<div class=\"vri-list-item-inner\">\r\n\t\t\t\t\t\t\t<div class=\"vri-list-item-img\">\r\n\t\t\t\t\t<img decoding=\"async\" src=\"https:\/\/infomesq.com.br\/aluguel\/wp-content\/plugins\/vikrentitems\/admin\/resources\/vthumb_smart-tv-samsung-43-full-hd.jpg\" alt=\"\" class=\"vrilistimg\"\/>\r\n\t\t\t\t<\/div>\r\n\t\t\t\t\t\t\t\t<div class=\"vri-list-item-descr\">\r\n\t\t\t\t\t<span class=\"vrilistitemname\">Smart TV 43 Polegadas SAMSUNG FULL HD<\/span>\r\n\t\t\t\t\t<span class=\"vrilistitemcat\">TVs<\/span>\r\n\t\t\t\t\t<div class=\"vrilistitemdescr\">\r\n\t\t\t\t\t\t<p>Smart TV 43 Polegadas Samsung FULL HD<\/p>\n\t\t\t\t\t<\/div>\r\n\t\t\t\t\t\t\t\t<\/div>\r\n\t\t\t<\/div>\r\n\t\t\t<div class=\"vri-list-item-cont\">\r\n\t\t\t\t<div class=\"vrilistcostdivcont\">\r\n\t\t\t\t\t\t\t\t\t\t<div class=\"vrilistdivcost\">\r\n\t\t\t\t\t\t<span class=\"vriliststartfrom\">A Partir De<\/span>\r\n\t\t\t\t\t\t<span class=\"item_cost\">R$ 299,00<\/span>\r\n\t\t\t\t\t\t<span class=\"vriliststartfromtext\">Valor por Dia<\/span>\r\n\t\t\t\t\t<\/div>\r\n\t\t\t\t\t\t\t\t\t\t<span class=\"vrilistgoonlist\"><a href=\"https:\/\/infomesq.com.br\/aluguel\/laser\/?elemid=123\">SAIBA MAIS<\/a><\/span>\r\n\t\t\t\t<\/div>\r\n\t\t\t<\/div>\r\n\t\t<\/div>\r\n\t\t\t<div class=\"vri-list-item-block vri-list-item-kit-block\">\r\n\t\t\t<div class=\"vri-list-item-inner\">\r\n\t\t\t\t\t\t\t<div class=\"vri-list-item-img\">\r\n\t\t\t\t\t<img decoding=\"async\" src=\"https:\/\/infomesq.com.br\/aluguel\/wp-content\/plugins\/vikrentitems\/admin\/resources\/vthumb_kit-tv-32polegadas.jpg\" alt=\"\" class=\"vrilistimg\"\/>\r\n\t\t\t\t<\/div>\r\n\t\t\t\t\t\t\t\t<div class=\"vri-list-item-descr\">\r\n\t\t\t\t\t<span class=\"vrilistitemname\">Smart TV LED 32\" SAMSUNG FULL HD + Pedestal<\/span>\r\n\t\t\t\t\t<span class=\"vrilistitemcat\">TVs<\/span>\r\n\t\t\t\t\t<div class=\"vrilistitemdescr\">\r\n\t\t\t\t\t\t<p>Smart TV LED 32\" SAMSUNG FULL HD + Pedestal<\/p>\n\t\t\t\t\t<\/div>\r\n\t\t\t\t\t\t\t\t<\/div>\r\n\t\t\t<\/div>\r\n\t\t\t<div class=\"vri-list-item-cont\">\r\n\t\t\t\t<div class=\"vrilistcostdivcont\">\r\n\t\t\t\t\t\t\t\t\t\t<div class=\"vrilistdivcost\">\r\n\t\t\t\t\t\t<span class=\"vriliststartfrom\">A Partir De<\/span>\r\n\t\t\t\t\t\t<span class=\"item_cost\">R$ 319,00<\/span>\r\n\t\t\t\t\t\t<span class=\"vriliststartfromtext\">Por Dia<\/span>\r\n\t\t\t\t\t<\/div>\r\n\t\t\t\t\t\t\t\t\t\t<span class=\"vrilistgoonlist\"><a href=\"https:\/\/infomesq.com.br\/aluguel\/tvs\/smart-tv-led-32-samsung-full-hd-pedestal\/\">SAIBA MAIS<\/a><\/span>\r\n\t\t\t\t<\/div>\r\n\t\t\t<\/div>\r\n\t\t<\/div>\r\n\t\t\t<div class=\"vri-list-item-block\">\r\n\t\t\t<div class=\"vri-list-item-inner\">\r\n\t\t\t\t\t\t\t<div class=\"vri-list-item-img\">\r\n\t\t\t\t\t<img decoding=\"async\" src=\"https:\/\/infomesq.com.br\/aluguel\/wp-content\/plugins\/vikrentitems\/admin\/resources\/vthumb_smart-tv-samsung-43-full-hd.jpg\" alt=\"\" class=\"vrilistimg\"\/>\r\n\t\t\t\t<\/div>\r\n\t\t\t\t\t\t\t\t<div class=\"vri-list-item-descr\">\r\n\t\t\t\t\t<span class=\"vrilistitemname\">Smart TV 43 Polegadas SAMSUNG FULL HD + Pedestal Trip\u00e9<\/span>\r\n\t\t\t\t\t<span class=\"vrilistitemcat\">TVs<\/span>\r\n\t\t\t\t\t<div class=\"vrilistitemdescr\">\r\n\t\t\t\t\t\t<p>Smart TV 43 Polegadas Samsung FULL HD<\/p>\n\t\t\t\t\t<\/div>\r\n\t\t\t\t\t\t\t\t<\/div>\r\n\t\t\t<\/div>\r\n\t\t\t<div class=\"vri-list-item-cont\">\r\n\t\t\t\t<div class=\"vrilistcostdivcont\">\r\n\t\t\t\t\t\t\t\t\t\t<div class=\"vrilistdivcost\">\r\n\t\t\t\t\t\t<span class=\"vriliststartfrom\">A Partir De<\/span>\r\n\t\t\t\t\t\t<span class=\"item_cost\">R$ 341,00<\/span>\r\n\t\t\t\t\t\t<span class=\"vriliststartfromtext\">Valor por Dia<\/span>\r\n\t\t\t\t\t<\/div>\r\n\t\t\t\t\t\t\t\t\t\t<span class=\"vrilistgoonlist\"><a href=\"https:\/\/infomesq.com.br\/aluguel\/laser\/?elemid=125\">SAIBA MAIS<\/a><\/span>\r\n\t\t\t\t<\/div>\r\n\t\t\t<\/div>\r\n\t\t<\/div>\r\n\t\t\t<div class=\"vri-list-item-block\">\r\n\t\t\t<div class=\"vri-list-item-inner\">\r\n\t\t\t\t\t\t\t<div class=\"vri-list-item-img\">\r\n\t\t\t\t\t<img decoding=\"async\" src=\"https:\/\/infomesq.com.br\/aluguel\/wp-content\/plugins\/vikrentitems\/admin\/resources\/vthumb_smart-tv-samsung-43-infomes.jpg\" alt=\"\" class=\"vrilistimg\"\/>\r\n\t\t\t\t<\/div>\r\n\t\t\t\t\t\t\t\t<div class=\"vri-list-item-descr\">\r\n\t\t\t\t\t<span class=\"vrilistitemname\">Smart TV 43 Polegadas SAMSUNG Crystal UHD 4K<\/span>\r\n\t\t\t\t\t<span class=\"vrilistitemcat\">TVs<\/span>\r\n\t\t\t\t\t<div class=\"vrilistitemdescr\">\r\n\t\t\t\t\t\t<p>Smart TV 43 Polegadas Samsung Crystal UHD 4K com Gaming Hub<\/p>\n\t\t\t\t\t<\/div>\r\n\t\t\t\t\t\t\t\t<\/div>\r\n\t\t\t<\/div>\r\n\t\t\t<div class=\"vri-list-item-cont\">\r\n\t\t\t\t<div class=\"vrilistcostdivcont\">\r\n\t\t\t\t\t\t\t\t\t\t<div class=\"vrilistdivcost\">\r\n\t\t\t\t\t\t<span class=\"vriliststartfrom\">A Partir De<\/span>\r\n\t\t\t\t\t\t<span class=\"item_cost\">R$ 349,00<\/span>\r\n\t\t\t\t\t\t<span class=\"vriliststartfromtext\">Valor por Dia<\/span>\r\n\t\t\t\t\t<\/div>\r\n\t\t\t\t\t\t\t\t\t\t<span class=\"vrilistgoonlist\"><a href=\"https:\/\/infomesq.com.br\/aluguel\/laser\/?elemid=122\">SAIBA MAIS<\/a><\/span>\r\n\t\t\t\t<\/div>\r\n\t\t\t<\/div>\r\n\t\t<\/div>\r\n\t\t\t<div class=\"vri-list-item-block\">\r\n\t\t\t<div class=\"vri-list-item-inner\">\r\n\t\t\t\t\t\t\t<div class=\"vri-list-item-img\">\r\n\t\t\t\t\t<img decoding=\"async\" src=\"https:\/\/infomesq.com.br\/aluguel\/wp-content\/plugins\/vikrentitems\/admin\/resources\/vthumb_tv-49polegadas.jpg\" alt=\"\" class=\"vrilistimg\"\/>\r\n\t\t\t\t<\/div>\r\n\t\t\t\t\t\t\t\t<div class=\"vri-list-item-descr\">\r\n\t\t\t\t\t<span class=\"vrilistitemname\">Smart TV LED 49\" LG Ultra HD 4K<\/span>\r\n\t\t\t\t\t<span class=\"vrilistitemcat\">TVs<\/span>\r\n\t\t\t\t\t<div class=\"vrilistitemdescr\">\r\n\t\t\t\t\t\t<p>Smart TV LED 49\" LG Ultra HD 4K HDR Ativo ThinQ AI IPS 4K Display DTS Virtual X<\/p>\n\t\t\t\t\t<\/div>\r\n\t\t\t\t\t\t\t\t<\/div>\r\n\t\t\t<\/div>\r\n\t\t\t<div class=\"vri-list-item-cont\">\r\n\t\t\t\t<div class=\"vrilistcostdivcont\">\r\n\t\t\t\t\t\t\t\t\t\t<div class=\"vrilistdivcost\">\r\n\t\t\t\t\t\t<span class=\"vriliststartfrom\">A Partir De<\/span>\r\n\t\t\t\t\t\t<span class=\"item_cost\">R$ 360,00<\/span>\r\n\t\t\t\t\t\t<span class=\"vriliststartfromtext\">Por Dia<\/span>\r\n\t\t\t\t\t<\/div>\r\n\t\t\t\t\t\t\t\t\t\t<span class=\"vrilistgoonlist\"><a href=\"https:\/\/infomesq.com.br\/aluguel\/tvs\/tv-lg-49\/\">SAIBA MAIS<\/a><\/span>\r\n\t\t\t\t<\/div>\r\n\t\t\t<\/div>\r\n\t\t<\/div>\r\n\t\t\t<div class=\"vri-list-item-block\">\r\n\t\t\t<div class=\"vri-list-item-inner\">\r\n\t\t\t\t\t\t\t<div class=\"vri-list-item-img\">\r\n\t\t\t\t\t<img decoding=\"async\" src=\"https:\/\/infomesq.com.br\/aluguel\/wp-content\/plugins\/vikrentitems\/admin\/resources\/vthumb_smart-tv-samsung-43-infomes.jpg\" alt=\"\" class=\"vrilistimg\"\/>\r\n\t\t\t\t<\/div>\r\n\t\t\t\t\t\t\t\t<div class=\"vri-list-item-descr\">\r\n\t\t\t\t\t<span class=\"vrilistitemname\">Smart TV 43 Polegadas SAMSUNG Crystal UHD 4K + Pedestal<\/span>\r\n\t\t\t\t\t<span class=\"vrilistitemcat\">TVs<\/span>\r\n\t\t\t\t\t<div class=\"vrilistitemdescr\">\r\n\t\t\t\t\t\t<p>Smart TV 43 Polegadas Samsung Crystal UHD 4K com Gaming Hub<\/p>\n\t\t\t\t\t<\/div>\r\n\t\t\t\t\t\t\t\t<\/div>\r\n\t\t\t<\/div>\r\n\t\t\t<div class=\"vri-list-item-cont\">\r\n\t\t\t\t<div class=\"vrilistcostdivcont\">\r\n\t\t\t\t\t\t\t\t\t\t<div class=\"vrilistdivcost\">\r\n\t\t\t\t\t\t<span class=\"vriliststartfrom\">A Partir De<\/span>\r\n\t\t\t\t\t\t<span class=\"item_cost\">R$ 430,00<\/span>\r\n\t\t\t\t\t\t<span class=\"vriliststartfromtext\">Valor por Dia<\/span>\r\n\t\t\t\t\t<\/div>\r\n\t\t\t\t\t\t\t\t\t\t<span class=\"vrilistgoonlist\"><a href=\"https:\/\/infomesq.com.br\/aluguel\/laser\/?elemid=135\">SAIBA MAIS<\/a><\/span>\r\n\t\t\t\t<\/div>\r\n\t\t\t<\/div>\r\n\t\t<\/div>\r\n\t\t\t<div class=\"vri-list-item-block vri-list-item-kit-block\">\r\n\t\t\t<div class=\"vri-list-item-inner\">\r\n\t\t\t\t\t\t\t<div class=\"vri-list-item-img\">\r\n\t\t\t\t\t<img decoding=\"async\" src=\"https:\/\/infomesq.com.br\/aluguel\/wp-content\/plugins\/vikrentitems\/admin\/resources\/vthumb_smart-tv-50_com-trip-infomesq.png\" alt=\"\" class=\"vrilistimg\"\/>\r\n\t\t\t\t<\/div>\r\n\t\t\t\t\t\t\t\t<div class=\"vri-list-item-descr\">\r\n\t\t\t\t\t<span class=\"vrilistitemname\">Smart TV LED 49\" LG Ultra HD 4K + Pedestal<\/span>\r\n\t\t\t\t\t<span class=\"vrilistitemcat\">TVs<\/span>\r\n\t\t\t\t\t<div class=\"vrilistitemdescr\">\r\n\t\t\t\t\t\t<p>Smart TV LED 49\" LG Ultra HD 4K + Pedestal<\/p>\n\t\t\t\t\t<\/div>\r\n\t\t\t\t\t\t\t\t<\/div>\r\n\t\t\t<\/div>\r\n\t\t\t<div class=\"vri-list-item-cont\">\r\n\t\t\t\t<div class=\"vrilistcostdivcont\">\r\n\t\t\t\t\t\t\t\t\t\t<div class=\"vrilistdivcost\">\r\n\t\t\t\t\t\t<span class=\"vriliststartfrom\">A Partir De<\/span>\r\n\t\t\t\t\t\t<span class=\"item_cost\">R$ 451,00<\/span>\r\n\t\t\t\t\t\t<span class=\"vriliststartfromtext\">Por Dia<\/span>\r\n\t\t\t\t\t<\/div>\r\n\t\t\t\t\t\t\t\t\t\t<span class=\"vrilistgoonlist\"><a href=\"https:\/\/infomesq.com.br\/aluguel\/tvs\/smart-tv-led-49-lg-ultra-hd-4k-suporte\/\">SAIBA MAIS<\/a><\/span>\r\n\t\t\t\t<\/div>\r\n\t\t\t<\/div>\r\n\t\t<\/div>\r\n\t\t\t<div class=\"vri-list-item-block\">\r\n\t\t\t<div class=\"vri-list-item-inner\">\r\n\t\t\t\t\t\t\t<div class=\"vri-list-item-img\">\r\n\t\t\t\t\t<img decoding=\"async\" src=\"https:\/\/infomesq.com.br\/aluguel\/wp-content\/plugins\/vikrentitems\/admin\/resources\/vthumb_chatgpt_image_22_de_out._de_2025_16_22_42.png\" alt=\"\" class=\"vrilistimg\"\/>\r\n\t\t\t\t<\/div>\r\n\t\t\t\t\t\t\t\t<div class=\"vri-list-item-descr\">\r\n\t\t\t\t\t<span class=\"vrilistitemname\">Smart TV LED 49\" LG Ultra HD 4K + Pedestal com Rodas<\/span>\r\n\t\t\t\t\t<span class=\"vrilistitemcat\">TVs<\/span>\r\n\t\t\t\t\t<div class=\"vrilistitemdescr\">\r\n\t\t\t\t\t\t<p>Smart TV LED 49\" LG Ultra HD 4K + Pedestal com Rodas<\/p>\n\t\t\t\t\t<\/div>\r\n\t\t\t\t\t\t\t\t<\/div>\r\n\t\t\t<\/div>\r\n\t\t\t<div class=\"vri-list-item-cont\">\r\n\t\t\t\t<div class=\"vrilistcostdivcont\">\r\n\t\t\t\t\t\t\t\t\t\t<div class=\"vrilistdivcost\">\r\n\t\t\t\t\t\t<span class=\"vriliststartfrom\">A Partir De<\/span>\r\n\t\t\t\t\t\t<span class=\"item_cost\">R$ 551,00<\/span>\r\n\t\t\t\t\t\t<span class=\"vriliststartfromtext\">Por Dia<\/span>\r\n\t\t\t\t\t<\/div>\r\n\t\t\t\t\t\t\t\t\t\t<span class=\"vrilistgoonlist\"><a href=\"https:\/\/infomesq.com.br\/aluguel\/laser\/?elemid=136\">SAIBA MAIS<\/a><\/span>\r\n\t\t\t\t<\/div>\r\n\t\t\t<\/div>\r\n\t\t<\/div>\r\n\t\t\t<div class=\"vri-list-item-block\">\r\n\t\t\t<div class=\"vri-list-item-inner\">\r\n\t\t\t\t\t\t\t<div class=\"vri-list-item-img\">\r\n\t\t\t\t\t<img decoding=\"async\" src=\"https:\/\/infomesq.com.br\/aluguel\/wp-content\/plugins\/vikrentitems\/admin\/resources\/vthumb_tv-65-4k-infomesq.png\" alt=\"\" class=\"vrilistimg\"\/>\r\n\t\t\t\t<\/div>\r\n\t\t\t\t\t\t\t\t<div class=\"vri-list-item-descr\">\r\n\t\t\t\t\t<span class=\"vrilistitemname\">TV SMART LED 65\" - 4K<\/span>\r\n\t\t\t\t\t<span class=\"vrilistitemcat\">TVs<\/span>\r\n\t\t\t\t\t<div class=\"vrilistitemdescr\">\r\n\t\t\t\t\t\t<p>TV Smart LED 65\" - 4k<\/p>\n\t\t\t\t\t<\/div>\r\n\t\t\t\t\t\t\t\t<\/div>\r\n\t\t\t<\/div>\r\n\t\t\t<div class=\"vri-list-item-cont\">\r\n\t\t\t\t<div class=\"vrilistcostdivcont\">\r\n\t\t\t\t\t\t\t\t\t\t<div class=\"vrilistdivcost\">\r\n\t\t\t\t\t\t<span class=\"vriliststartfrom\">A Partir De<\/span>\r\n\t\t\t\t\t\t<span class=\"item_cost\">R$ 900,00<\/span>\r\n\t\t\t\t\t\t<span class=\"vriliststartfromtext\">Valor por Dia<\/span>\r\n\t\t\t\t\t<\/div>\r\n\t\t\t\t\t\t\t\t\t\t<span class=\"vrilistgoonlist\"><a href=\"https:\/\/infomesq.com.br\/aluguel\/laser\/?elemid=118\">SAIBA MAIS<\/a><\/span>\r\n\t\t\t\t<\/div>\r\n\t\t\t<\/div>\r\n\t\t<\/div>\r\n\t\t<\/div>\r\n\r\n<\/div>\r\n\n<\/div>\n<\/div>\n","protected":false},"excerpt":{"rendered":"","protected":false},"author":2,"featured_media":0,"parent":0,"menu_order":0,"comment_status":"closed","ping_status":"closed","template":"","meta":{"zakra_page_container_layout":"customizer","zakra_page_sidebar_layout":"customizer","zakra_remove_content_margin":false,"zakra_sidebar":"customizer","zakra_transparent_header":"customizer","zakra_logo":0,"zakra_main_header_style":"default","zakra_menu_item_color":"","zakra_menu_item_hover_color":"","zakra_menu_item_active_color":"","zakra_menu_active_style":"","zakra_page_header":true,"_joinchat":[],"footnotes":""},"class_list":["post-1593","page","type-page","status-publish","hentry"],"_links":{"self":[{"href":"https:\/\/infomesq.com.br\/aluguel\/wp-json\/wp\/v2\/pages\/1593","targetHints":{"allow":["GET"]}}],"collection":[{"href":"https:\/\/infomesq.com.br\/aluguel\/wp-json\/wp\/v2\/pages"}],"about":[{"href":"https:\/\/infomesq.com.br\/aluguel\/wp-json\/wp\/v2\/types\/page"}],"author":[{"embeddable":true,"href":"https:\/\/infomesq.com.br\/aluguel\/wp-json\/wp\/v2\/users\/2"}],"replies":[{"embeddable":true,"href":"https:\/\/infomesq.com.br\/aluguel\/wp-json\/wp\/v2\/comments?post=1593"}],"version-history":[{"count":0,"href":"https:\/\/infomesq.com.br\/aluguel\/wp-json\/wp\/v2\/pages\/1593\/revisions"}],"wp:attachment":[{"href":"https:\/\/infomesq.com.br\/aluguel\/wp-json\/wp\/v2\/media?parent=1593"}],"curies":[{"name":"wp","href":"https:\/\/api.w.org\/{rel}","templated":true}]}}