{"id":1562,"date":"2021-02-19T11:10:57","date_gmt":"2021-02-19T14:10:57","guid":{"rendered":"https:\/\/infomesq.com.br\/aluguel1\/?page_id=1562"},"modified":"2021-02-19T11:10:58","modified_gmt":"2021-02-19T14:10:58","slug":"projetor-epson-2250u-5000-lumens","status":"publish","type":"page","link":"https:\/\/infomesq.com.br\/aluguel\/projetores\/projetor-epson-2250u-5000-lumens\/","title":{"rendered":"Projetor Epson 5000 Lumens"},"content":{"rendered":"\n<div class=\"wp-block-vikrentitems-gutenberg-shortcodes\">\n<div class=\"wrap plugin-container\">\n\n\t\n\t\n\t<div class=\"vri-page-content\">\n<h3 class=\"vri-page-head-title\">Infomesq Rent<\/h3>\t<div class=\"vri-itemdet-groupblocks\">\n\t\t<div class=\"vri-itemdet-groupleft\">\n\t\t\t<div class=\"vri-itemdet-imagesblock\">\n\t\t\t\t<div class=\"vri-itemdet-mainimage\">\n\t\t\t\t\t<img decoding=\"async\" src=\"https:\/\/infomesq.com.br\/aluguel\/wp-content\/plugins\/vikrentitems\/admin\/resources\/projetor-epson-2250u.jpg\" alt=\"Projetor Epson 2250U 5000 Lumens\"\/>\n\t\t\t\t<\/div>\n\t\t\t\t\t<div class=\"vri-itemdet-extraimages\">\n\t\t\t\t\t\t<a href=\"https:\/\/infomesq.com.br\/aluguel\/wp-content\/plugins\/vikrentitems\/admin\/resources\/big_alugar-projetor-epson-2250-5000-lumens-infomesq-2.jpg\" rel=\"vrigroup83\" target=\"_blank\" class=\"vrimodal\" data-fancybox=\"gallery\"><img decoding=\"async\" src=\"https:\/\/infomesq.com.br\/aluguel\/wp-content\/plugins\/vikrentitems\/admin\/resources\/thumb_alugar-projetor-epson-2250-5000-lumens-infomesq-2.jpg\" alt=\"alugar-projetor-epson-2250-5000-lumens-infomesq-2.\"\/><\/a>\n\t\t\t\t\t\t\t\t<a href=\"https:\/\/infomesq.com.br\/aluguel\/wp-content\/plugins\/vikrentitems\/admin\/resources\/big_alugar-projetor-epson-2250-5000-lumens-infomesq-3.jpg\" rel=\"vrigroup83\" target=\"_blank\" class=\"vrimodal\" data-fancybox=\"gallery\"><img decoding=\"async\" src=\"https:\/\/infomesq.com.br\/aluguel\/wp-content\/plugins\/vikrentitems\/admin\/resources\/thumb_alugar-projetor-epson-2250-5000-lumens-infomesq-3.jpg\" alt=\"alugar-projetor-epson-2250-5000-lumens-infomesq-3.\"\/><\/a>\n\t\t\t\t\t\t\t\t<a href=\"https:\/\/infomesq.com.br\/aluguel\/wp-content\/plugins\/vikrentitems\/admin\/resources\/big_alugar-projetor-epson-2250-5000-lumens-infomesq-4.jpg\" rel=\"vrigroup83\" target=\"_blank\" class=\"vrimodal\" data-fancybox=\"gallery\"><img decoding=\"async\" src=\"https:\/\/infomesq.com.br\/aluguel\/wp-content\/plugins\/vikrentitems\/admin\/resources\/thumb_alugar-projetor-epson-2250-5000-lumens-infomesq-4.jpg\" alt=\"alugar-projetor-epson-2250-5000-lumens-infomesq-4.\"\/><\/a>\n\t\t\t\t\t\t\t\t<a href=\"https:\/\/infomesq.com.br\/aluguel\/wp-content\/plugins\/vikrentitems\/admin\/resources\/big_1003alugar-projetor-epson-2250-5000-lumens-infomesq.jpg\" rel=\"vrigroup83\" target=\"_blank\" class=\"vrimodal\" data-fancybox=\"gallery\"><img decoding=\"async\" src=\"https:\/\/infomesq.com.br\/aluguel\/wp-content\/plugins\/vikrentitems\/admin\/resources\/thumb_1003alugar-projetor-epson-2250-5000-lumens-infomesq.jpg\" alt=\"1003alugar-projetor-epson-2250-5000-lumens-infomesq.\"\/><\/a>\n\t\t\t\t\t\t\t<\/div>\n\t\t\t<\/div>\n\t\t<\/div>\n\n\t\t<div class=\"vri-itemdet-groupright\">\n\t\t\t<div class=\"vri-itemdet-infoblock\">\n\t\t\t\t<div class=\"vri-itemdet-infocat\">\n\t\t\t\t\t<span>Projetores<\/span>\n\t\t\t\t<\/div>\n\t\t\t\t<div class=\"vri-itemdet-infoname\">\n\t\t\t\t\t<span>Projetor Epson 2250U 5000 Lumens<\/span>\n\t\t\t\t<\/div>\n\t\t\t<\/div>\n\t\t\t<div class=\"vri-itemdet-descr\">\n<div class=\"vri-itemdet-descr\">\n<div class=\"vri-itemdet-descr\">\n<div class=\"vri-itemdet-descr\">\n<div class=\"vri-itemdet-descr\"><strong>5000 Lumens + Entrada USB + Entrada VGA + Entrada HDMI + Resolu\u00e7\u00e3o FULL HD + WIRELESS 3 LCD<br \/>\n<\/strong><\/div>\n<div class=\"vri-itemdet-descr\">Um projetor brilhante e funcional, o PowerLite 2250U traz um desempenho brilhante de alta defini\u00e7\u00e3o para qualquer sala de reuni\u00f5es ou confer\u00eancias, com resolu\u00e7\u00e3o WUXGA nativa para displays de at\u00e9 300 \", suporte Full HD 1080p para imagens verdadeiras e opcional rede sem fio.<\/div>\n<div class=\"vri-itemdet-descr\"><strong>Especifica\u00e7\u00f5es T\u00e9cnicas:<\/strong><\/div>\n<div class=\"vri-itemdet-descr\"><strong>Luminosidade<\/strong>\u00a0<strong>(Ansi Lumens):<\/strong> 5000 Lumens<br \/>\n<strong>Tamanho da tela:<\/strong> 35 a 350 Polegadas<br \/>\n<strong>Resolu\u00e7\u00e3o nativa:<\/strong> Full HD (1920x1080)<br \/>\n<strong>Resolu\u00e7\u00e3o suportada:<\/strong> At\u00e9 WUXGA (1920x1200)<br \/>\n<strong>Contraste:<\/strong> 15.000:1<\/div>\n<div class=\"vri-itemdet-descr\"><strong>Conex\u00f5es:<\/strong> Entrada: 2 D-sub 15pin V\u00eddeo Rca: x 1 Hdmi: x 2 (Hdmi 1\/Mhl)<br \/>\nSa\u00edda monitor: x 1 D-sub 15pin compartilhado com computador 2<br \/>\nEntrada \u00e1udio Rca: x 2 (branco e vermelho)<br \/>\nEntrada \u00e1udio stereo mini: x 2<br \/>\nSa\u00edda \u00e1udio stereo mini: x 1 Rs-232C: x 1 D-sub 9pin Usb Tipo A: x 1 (mem\u00f3ria Usb, firmware, configura\u00e7\u00e3o Osd) Usb Tipo B: x 1 (Usb display, mouse, teclado, controle, firmware, configura\u00e7\u00e3o Osd) Lan - RJ45: x 1<\/div>\n<div class=\"vri-itemdet-descr\"><strong>Voltagem:<\/strong> Bivolt<br \/>\n<strong>Fun\u00e7\u00f5es adicionais:<\/strong> Projeta lateralmente (Keystone Horizontal), Liga e desliga instantaneamente<\/div>\n<div class=\"vri-itemdet-descr\"><a href=\"https:\/\/infomesq.com.br\/aluguel\/wp-content\/uploads\/2021\/03\/Manual-Epson-2250U.pdf\" target=\"_blank\" rel=\"alternate noopener noreferrer\">MANUAL DE INSTRU\u00c7\u00d5ES DO PROJETOR EPSON 2250U<\/a><\/div>\n<\/div>\n<\/div>\n<\/div>\n\t\t\t<\/div>\n\t\t\t<div class=\"vri-itemdet-priceblock\">\n\t\t\t\t<span class=\"vri-itemdet-price-startfrom\">A Partir De<\/span>\n\t\t\t\t<span class=\"vri-itemdet-price-cost\">R$ 974,60<\/span>\n\t\t\t\t<span class=\"vri-itemdet-price-fromtext\">Por Dia<\/span>\n\t\t\t<\/div>\n\t\t\t<\/div>\n\t<\/div>\n\t<div class=\"vri-avcals-container\">\n\t<\/div>\n\n\t<div id=\"vri-bookingpart-init\"><\/div>\n\n\t<div class=\"vri-bookform-container\">\n\t\t<h4 class=\"vri-medium-header\">Informe a Data de Entrega e Recolhimento<\/h4>\n<div class=\"vridivsearch vri-main-search-form\"><span class=\"vrideliveryservicespan\">Servi\u00e7o de entrega dispon\u00edvel<\/span><form action=\"https:\/\/infomesq.com.br\/aluguel\/projetores\/projetor-epson-2250u-5000-lumens\/?option=com_vikrentitems\" method=\"post\" onsubmit=\"return vriValidateSearch();\"><div class=\"vricalform\">\n<input type=\"hidden\" name=\"option\" value=\"com_vikrentitems\"\/>\n<input type=\"hidden\" name=\"task\" value=\"search\"\/>\n<input type=\"hidden\" name=\"itemdetail\" value=\"83\"\/>\n<div class=\"vrisfentry\"><label class=\"vripickdroplab\" for=\"pickupdate\">Data e Hora da Entrega<\/label><div class=\"vri-sf-input-wrap vri-sf-input-pickup\"><span><input type=\"text\" name=\"pickupdate\" id=\"pickupdate\" size=\"10\" autocomplete=\"off\" onfocus=\"this.blur();\" readonly\/><i class=\"far fa-calendar-alt vri-caltrigger\"><\/i><\/span><\/div><div class=\"vrisfentrytime\"><div class=\"vri-sf-entrytime-inner\"><label for=\"pickuph\">as<\/label><span id=\"vricomselph\"><select name=\"pickuph\" id=\"pickuph\"><option value=\"00\">0<\/option>\n<option value=\"01\">1<\/option>\n<option value=\"02\">2<\/option>\n<option value=\"03\">3<\/option>\n<option value=\"04\">4<\/option>\n<option value=\"05\">5<\/option>\n<option value=\"06\">6<\/option>\n<option value=\"07\">7<\/option>\n<option value=\"08\">8<\/option>\n<option value=\"09\">9<\/option>\n<option value=\"10\">10<\/option>\n<option value=\"11\">11<\/option>\n<option value=\"12\">12<\/option>\n<option value=\"13\">13<\/option>\n<option value=\"14\">14<\/option>\n<option value=\"15\">15<\/option>\n<option value=\"16\">16<\/option>\n<option value=\"17\">17<\/option>\n<option value=\"18\">18<\/option>\n<option value=\"19\">19<\/option>\n<option value=\"20\">20<\/option>\n<option value=\"21\">21<\/option>\n<option value=\"22\">22<\/option>\n<option value=\"23\">23<\/option>\n<\/select><\/span><label class=\"vritimedots\">:<\/label><span id=\"vricomselpm\"><select name=\"pickupm\"><option value=\"00\" selected=\"selected\">00<\/option>\n<option value=\"15\">15<\/option>\n<option value=\"30\">30<\/option>\n<option value=\"45\">45<\/option>\n<\/select><\/span><\/div><\/div><\/div>\n<div class=\"vrisfentry\"><label class=\"vripickdroplab\" for=\"releasedate\">Data e Hora do Recolhimento<\/label><div class=\"vri-sf-input-wrap vri-sf-input-pickup\"><span><input type=\"text\" name=\"releasedate\" id=\"releasedate\" size=\"10\" autocomplete=\"off\" onfocus=\"this.blur();\" readonly\/><i class=\"far fa-calendar-alt vri-caltrigger\"><\/i><\/span><\/div><div class=\"vrisfentrytime\"><div class=\"vri-sf-entrytime-inner\"><label for=\"releaseh\">as<\/label><span id=\"vricomseldh\"><select name=\"releaseh\" id=\"releaseh\"><option value=\"00\">0<\/option>\n<option value=\"01\">1<\/option>\n<option value=\"02\">2<\/option>\n<option value=\"03\">3<\/option>\n<option value=\"04\">4<\/option>\n<option value=\"05\">5<\/option>\n<option value=\"06\">6<\/option>\n<option value=\"07\">7<\/option>\n<option value=\"08\">8<\/option>\n<option value=\"09\">9<\/option>\n<option value=\"10\">10<\/option>\n<option value=\"11\">11<\/option>\n<option value=\"12\">12<\/option>\n<option value=\"13\">13<\/option>\n<option value=\"14\">14<\/option>\n<option value=\"15\">15<\/option>\n<option value=\"16\">16<\/option>\n<option value=\"17\">17<\/option>\n<option value=\"18\">18<\/option>\n<option value=\"19\">19<\/option>\n<option value=\"20\">20<\/option>\n<option value=\"21\">21<\/option>\n<option value=\"22\">22<\/option>\n<option value=\"23\">23<\/option>\n<\/select><\/span><label class=\"vritimedots\">:<\/label><span id=\"vricomseldm\"><select name=\"releasem\"><option value=\"00\" selected=\"selected\">00<\/option>\n<option value=\"15\">15<\/option>\n<option value=\"30\">30<\/option>\n<option value=\"45\">45<\/option>\n<\/select><\/span><\/div><\/div><\/div>\n<div class=\"vrisfentry\"><label for=\"itemquant\">Quantidade<\/label><span><input type=\"number\" name=\"itemquant\" id=\"itemquant\" value=\"1\" min=\"1\" max=\"5\" class=\"vri-numbinput\"\/><\/span><\/div>\n<div class=\"vrisfentrysubmit\"><input type=\"submit\" name=\"search\" value=\"CONTINUAR\" class=\"vridetbooksubmit\"\/><\/div>\n<\/div>\n<\/form><\/div>\t<\/div>\n\t\t<script type=\"text\/javascript\">\n\tfunction vriCleanNumber(snum) {\n\t\tif (snum.length > 1 && snum.substr(0, 1) == '0') {\n\t\t\treturn parseInt(snum.substr(1));\n\t\t}\n\t\treturn parseInt(snum);\n\t}\n\n\tfunction vriValidateSearch() {\n\t\tif (typeof jQuery === 'undefined' || typeof vri_wopening_pick === 'undefined') {\n\t\t\treturn true;\n\t\t}\n\t\tif (vri_mopening_pick !== null) {\n\t\t\t\/\/ pickup time\n\t\t\tvar pickh = jQuery('#vricomselph').find('select').val();\n\t\t\tvar pickm = jQuery('#vricomselpm').find('select').val();\n\t\t\tif (!pickh || !pickh.length || !pickm) {\n\t\t\t\treturn true;\n\t\t\t}\n\t\t\tpickh = vriCleanNumber(pickh);\n\t\t\tpickm = vriCleanNumber(pickm);\n\t\t\tif (pickh == vri_mopening_pick[0]) {\n\t\t\t\tif (pickm < vri_mopening_pick[1]) {\n\t\t\t\t\t\/\/ location is still closed at this time\n\t\t\t\t\tjQuery('#vricomselpm').find('select').html('<option value=\"'+vri_mopening_pick[1]+'\">'+(vri_mopening_pick[1] < 10 ? '0'+vri_mopening_pick[1] : vri_mopening_pick[1])+'<\/option>').val(vri_mopening_pick[1]);\n\t\t\t\t}\n\t\t\t}\n\t\t\tif (pickh == vri_mopening_pick[2]) {\n\t\t\t\tif (pickm > vri_mopening_pick[3]) {\n\t\t\t\t\t\/\/ location is already closed at this time for a pick up\n\t\t\t\t\tjQuery('#vricomselpm').find('select').html('<option value=\"'+vri_mopening_pick[3]+'\">'+(vri_mopening_pick[3] < 10 ? '0'+vri_mopening_pick[3] : vri_mopening_pick[3])+'<\/option>').val(vri_mopening_pick[3]);\n\t\t\t\t}\n\t\t\t}\n\t\t}\n\n\t\tif (vri_mopening_drop !== null) {\n\t\t\t\/\/ dropoff time\n\t\t\tvar droph = jQuery('#vricomseldh').find('select').val();\n\t\t\tvar dropm = jQuery('#vricomseldm').find('select').val();\n\t\t\tif (!droph || !droph.length || !dropm) {\n\t\t\t\treturn true;\n\t\t\t}\n\t\t\tdroph = vriCleanNumber(droph);\n\t\t\tdropm = vriCleanNumber(dropm);\n\t\t\tif (droph == vri_mopening_drop[0]) {\n\t\t\t\tif (dropm > vri_mopening_drop[1]) {\n\t\t\t\t\t\/\/ location is already closed at this time\n\t\t\t\t\tjQuery('#vricomseldm').find('select').html('<option value=\"'+vri_mopening_drop[1]+'\">'+(vri_mopening_drop[1] < 10 ? '0'+vri_mopening_drop[1] : vri_mopening_drop[1])+'<\/option>').val(vri_mopening_drop[1]);\n\t\t\t\t}\n\t\t\t}\n\t\t\tif (droph == vri_mopening_drop[2]) {\n\t\t\t\tif (dropm < vri_mopening_drop[3]) {\n\t\t\t\t\t\/\/ location is still closed at this time for a drop off\n\t\t\t\t\tjQuery('#vricomseldm').find('select').html('<option value=\"'+vri_mopening_drop[3]+'\">'+(vri_mopening_drop[3] < 10 ? '0'+vri_mopening_drop[3] : vri_mopening_drop[3])+'<\/option>').val(vri_mopening_drop[3]);\n\t\t\t\t}\n\t\t\t}\n\t\t}\n\n\t\treturn true;\n\t}\n\n\tjQuery(document).ready(function() {\n\t\n\t\tjQuery(document.body).on('click', '.vri-idetails-cal-pickday', function() {\n\t\t\tif (!jQuery(\"#pickupdate\").length) {\n\t\t\t\treturn;\n\t\t\t}\n\t\t\tvar tdday = jQuery(this).attr('data-daydate');\n\t\t\tif (!tdday || !tdday.length) {\n\t\t\t\treturn;\n\t\t\t}\n\t\t\t\/\/ set pick-up date in datepicker\n\t\t\tjQuery('#pickupdate').datepicker('setDate', tdday);\n\t\t\t\/\/ animate to datepickers position\n\t\t\tif (jQuery(\"#vri-bookingpart-init\").length) {\n\t\t\t\tjQuery('html,body').animate({\n\t\t\t\t\tscrollTop: (jQuery('#vri-bookingpart-init').offset().top - 5)\n\t\t\t\t}, 600, function() {\n\t\t\t\t\t\/\/ animation-complete callback should simulate the onSelect event of the pick-up datepicker\n\t\t\t\t\tif (typeof vriSetMinDropoffDate !== \"undefined\") {\n\t\t\t\t\t\tvriSetMinDropoffDate();\n\t\t\t\t\t}\n\t\t\t\t\tif (typeof vriLocationWopening !== \"undefined\") {\n\t\t\t\t\t\tvriLocationWopening('pickup');\n\t\t\t\t\t}\n\t\t\t\t\t\/\/ give focus to drop-off datepicker\n\t\t\t\t\tif (jQuery('#releasedate').length) {\n\t\t\t\t\t\tjQuery('#releasedate').focus();\n\t\t\t\t\t}\n\t\t\t\t});\n\t\t\t}\n\t\t});\n\t});\n\t<\/script>\n\t<\/div>\n\n<\/div>\n<\/div>\n","protected":false},"excerpt":{"rendered":"","protected":false},"author":2,"featured_media":0,"parent":746,"menu_order":0,"comment_status":"closed","ping_status":"closed","template":"","meta":{"zakra_page_container_layout":"customizer","zakra_page_sidebar_layout":"customizer","zakra_remove_content_margin":false,"zakra_sidebar":"customizer","zakra_transparent_header":"customizer","zakra_logo":0,"zakra_main_header_style":"default","zakra_menu_item_color":"","zakra_menu_item_hover_color":"","zakra_menu_item_active_color":"","zakra_menu_active_style":"","zakra_page_header":true,"_joinchat":[],"footnotes":""},"class_list":["post-1562","page","type-page","status-publish","hentry"],"_links":{"self":[{"href":"https:\/\/infomesq.com.br\/aluguel\/wp-json\/wp\/v2\/pages\/1562","targetHints":{"allow":["GET"]}}],"collection":[{"href":"https:\/\/infomesq.com.br\/aluguel\/wp-json\/wp\/v2\/pages"}],"about":[{"href":"https:\/\/infomesq.com.br\/aluguel\/wp-json\/wp\/v2\/types\/page"}],"author":[{"embeddable":true,"href":"https:\/\/infomesq.com.br\/aluguel\/wp-json\/wp\/v2\/users\/2"}],"replies":[{"embeddable":true,"href":"https:\/\/infomesq.com.br\/aluguel\/wp-json\/wp\/v2\/comments?post=1562"}],"version-history":[{"count":0,"href":"https:\/\/infomesq.com.br\/aluguel\/wp-json\/wp\/v2\/pages\/1562\/revisions"}],"up":[{"embeddable":true,"href":"https:\/\/infomesq.com.br\/aluguel\/wp-json\/wp\/v2\/pages\/746"}],"wp:attachment":[{"href":"https:\/\/infomesq.com.br\/aluguel\/wp-json\/wp\/v2\/media?parent=1562"}],"curies":[{"name":"wp","href":"https:\/\/api.w.org\/{rel}","templated":true}]}}