{"id":1516,"date":"2021-02-19T11:42:10","date_gmt":"2021-02-19T14:42:10","guid":{"rendered":"https:\/\/infomesq.com.br\/aluguel1\/?page_id=1516"},"modified":"2021-02-21T12:03:38","modified_gmt":"2021-02-21T15:03:38","slug":"telas","status":"publish","type":"page","link":"https:\/\/infomesq.com.br\/aluguel\/telas\/","title":{"rendered":"Telas"},"content":{"rendered":"\n<div class=\"wp-block-vikrentitems-gutenberg-shortcodes\">\n<div class=\"wrap plugin-container\">\n\n\t\n\t\n\t<div class=\"vri-page-content\">\r\n\t<h3 class=\"vriclistheadt\">Telas<\/h3>\r\n\t\t\t<div class=\"vricatdescr\">\r\n\t\t\tTemos op\u00e7\u00f5es personalizadas de aluguel (loca\u00e7\u00e3o) de telas, caso n\u00e3o encontre o que\u00a0gostaria de alugar em nossa lista,entre em contato,\r\nLigue\/Whats 51- 30317869, atendimento 24 Horas, entrega e recolhimento no local.\t\t<\/div>\r\n\t\t\t<div class=\"vrilistcontainer\">\r\n\t\t<div class=\"vri-list-item-block\">\r\n\t\t\t<div class=\"vri-list-item-inner\">\r\n\t\t\t\t\t\t\t<div class=\"vri-list-item-img\">\r\n\t\t\t\t\t<img decoding=\"async\" src=\"https:\/\/infomesq.com.br\/aluguel\/wp-content\/plugins\/vikrentitems\/admin\/resources\/vthumb_tela-150x150.jpg\" alt=\"\" class=\"vrilistimg\"\/>\r\n\t\t\t\t<\/div>\r\n\t\t\t\t\t\t\t\t<div class=\"vri-list-item-descr\">\r\n\t\t\t\t\t<span class=\"vrilistitemname\">Tela 1,50 x 1,50<\/span>\r\n\t\t\t\t\t<span class=\"vrilistitemcat\">Telas<\/span>\r\n\t\t\t\t\t<div class=\"vrilistitemdescr\">\r\n\t\t\t\t\t\t<p>Tela Pequena 1,50m x 1,50m<br \/>\nTamanho: 72\"<br \/>\nBorda: Preta<br \/>\nSuporte Incluso<br \/>\nTela com sistema de Tracionamento e Al\u00e7a para Transporte.<\/p>\n\t\t\t\t\t<\/div>\r\n\t\t\t\t\t\t\t\t<\/div>\r\n\t\t\t<\/div>\r\n\t\t\t<div class=\"vri-list-item-cont\">\r\n\t\t\t\t<div class=\"vrilistcostdivcont\">\r\n\t\t\t\t\t\t\t\t\t\t<div class=\"vrilistdivcost\">\r\n\t\t\t\t\t\t<span class=\"vriliststartfrom\">A Partir De<\/span>\r\n\t\t\t\t\t\t<span class=\"item_cost\">R$ 70,00<\/span>\r\n\t\t\t\t\t\t<span class=\"vriliststartfromtext\">Por Dia<\/span>\r\n\t\t\t\t\t<\/div>\r\n\t\t\t\t\t\t\t\t\t\t<span class=\"vrilistgoonlist\"><a href=\"https:\/\/infomesq.com.br\/aluguel\/telas\/tela-1-50-x-1-50\/\">SAIBA MAIS<\/a><\/span>\r\n\t\t\t\t<\/div>\r\n\t\t\t<\/div>\r\n\t\t<\/div>\r\n\t\t\t<div class=\"vri-list-item-block\">\r\n\t\t\t<div class=\"vri-list-item-inner\">\r\n\t\t\t\t\t\t\t<div class=\"vri-list-item-img\">\r\n\t\t\t\t\t<img decoding=\"async\" src=\"https:\/\/infomesq.com.br\/aluguel\/wp-content\/plugins\/vikrentitems\/admin\/resources\/vthumb_tela-180x180.jpg\" alt=\"\" class=\"vrilistimg\"\/>\r\n\t\t\t\t<\/div>\r\n\t\t\t\t\t\t\t\t<div class=\"vri-list-item-descr\">\r\n\t\t\t\t\t<span class=\"vrilistitemname\">Tela 1,80 x 1,80<\/span>\r\n\t\t\t\t\t<span class=\"vrilistitemcat\">Telas<\/span>\r\n\t\t\t\t\t<div class=\"vrilistitemdescr\">\r\n\t\t\t\t\t\t<p>Tela Mapa M\u00e9dia 1,80x1,80  - Acompanha 1 Trip\u00e9.<\/p>\n\t\t\t\t\t<\/div>\r\n\t\t\t\t\t\t\t\t<\/div>\r\n\t\t\t<\/div>\r\n\t\t\t<div class=\"vri-list-item-cont\">\r\n\t\t\t\t<div class=\"vrilistcostdivcont\">\r\n\t\t\t\t\t\t\t\t\t\t<div class=\"vrilistdivcost\">\r\n\t\t\t\t\t\t<span class=\"vriliststartfrom\">A Partir De<\/span>\r\n\t\t\t\t\t\t<span class=\"item_cost\">R$ 77,00<\/span>\r\n\t\t\t\t\t\t<span class=\"vriliststartfromtext\">Por Dia<\/span>\r\n\t\t\t\t\t<\/div>\r\n\t\t\t\t\t\t\t\t\t\t<span class=\"vrilistgoonlist\"><a href=\"https:\/\/infomesq.com.br\/aluguel\/telas\/tela-1-80-x-1-80\/\">SAIBA MAIS<\/a><\/span>\r\n\t\t\t\t<\/div>\r\n\t\t\t<\/div>\r\n\t\t<\/div>\r\n\t\t\t<div class=\"vri-list-item-block\">\r\n\t\t\t<div class=\"vri-list-item-inner\">\r\n\t\t\t\t\t\t\t<div class=\"vri-list-item-img\">\r\n\t\t\t\t\t<img decoding=\"async\" src=\"https:\/\/infomesq.com.br\/aluguel\/wp-content\/plugins\/vikrentitems\/admin\/resources\/vthumb_flipchart.jpg\" alt=\"\" class=\"vrilistimg\"\/>\r\n\t\t\t\t<\/div>\r\n\t\t\t\t\t\t\t\t<div class=\"vri-list-item-descr\">\r\n\t\t\t\t\t<span class=\"vrilistitemname\">Flip Chart Com Quadro Branco 90x54cm<\/span>\r\n\t\t\t\t\t<span class=\"vrilistitemcat\">Telas<\/span>\r\n\t\t\t\t\t<div class=\"vrilistitemdescr\">\r\n\t\t\t\t\t\t\t\t\t\t\t<\/div>\r\n\t\t\t\t\t\t\t\t<\/div>\r\n\t\t\t<\/div>\r\n\t\t\t<div class=\"vri-list-item-cont\">\r\n\t\t\t\t<div class=\"vrilistcostdivcont\">\r\n\t\t\t\t\t\t\t\t\t\t<div class=\"vrilistdivcost\">\r\n\t\t\t\t\t\t<span class=\"vriliststartfrom\">A Partir De<\/span>\r\n\t\t\t\t\t\t<span class=\"item_cost\">R$ 50,00<\/span>\r\n\t\t\t\t\t\t<span class=\"vriliststartfromtext\">Por Dia<\/span>\r\n\t\t\t\t\t<\/div>\r\n\t\t\t\t\t\t\t\t\t\t<span class=\"vrilistgoonlist\"><a href=\"https:\/\/infomesq.com.br\/aluguel\/telas\/flip-chart-com-quadro-branco-90x54cm\/\">SAIBA MAIS<\/a><\/span>\r\n\t\t\t\t<\/div>\r\n\t\t\t<\/div>\r\n\t\t<\/div>\r\n\t\t\t<div class=\"vri-list-item-block\">\r\n\t\t\t<div class=\"vri-list-item-inner\">\r\n\t\t\t\t\t\t\t<div class=\"vri-list-item-img\">\r\n\t\t\t\t\t<img decoding=\"async\" src=\"https:\/\/infomesq.com.br\/aluguel\/wp-content\/plugins\/vikrentitems\/admin\/resources\/vthumb_tela-180x180.jpg\" alt=\"\" class=\"vrilistimg\"\/>\r\n\t\t\t\t<\/div>\r\n\t\t\t\t\t\t\t\t<div class=\"vri-list-item-descr\">\r\n\t\t\t\t\t<span class=\"vrilistitemname\">Tela 1,80 x 1,20<\/span>\r\n\t\t\t\t\t<span class=\"vrilistitemcat\">Telas<\/span>\r\n\t\t\t\t\t<div class=\"vrilistitemdescr\">\r\n\t\t\t\t\t\t<p>Tela Mapa M\u00e9dia 1,80x1,20 - Acompanha 1 Trip\u00e9.<\/p>\n\t\t\t\t\t<\/div>\r\n\t\t\t\t\t\t\t\t<\/div>\r\n\t\t\t<\/div>\r\n\t\t\t<div class=\"vri-list-item-cont\">\r\n\t\t\t\t<div class=\"vrilistcostdivcont\">\r\n\t\t\t\t\t\t\t\t\t\t<div class=\"vrilistdivcost\">\r\n\t\t\t\t\t\t<span class=\"vriliststartfrom\">A Partir De<\/span>\r\n\t\t\t\t\t\t<span class=\"item_cost\">R$ 88,00<\/span>\r\n\t\t\t\t\t\t<span class=\"vriliststartfromtext\">Por Dia<\/span>\r\n\t\t\t\t\t<\/div>\r\n\t\t\t\t\t\t\t\t\t\t<span class=\"vrilistgoonlist\"><a href=\"https:\/\/infomesq.com.br\/aluguel\/laser\/?elemid=124\">SAIBA MAIS<\/a><\/span>\r\n\t\t\t\t<\/div>\r\n\t\t\t<\/div>\r\n\t\t<\/div>\r\n\t\t\t<div class=\"vri-list-item-block\">\r\n\t\t\t<div class=\"vri-list-item-inner\">\r\n\t\t\t\t\t\t\t<div class=\"vri-list-item-img\">\r\n\t\t\t\t\t<img decoding=\"async\" src=\"https:\/\/infomesq.com.br\/aluguel\/wp-content\/plugins\/vikrentitems\/admin\/resources\/vthumb_1tela-240x180.jpg\" alt=\"\" class=\"vrilistimg\"\/>\r\n\t\t\t\t<\/div>\r\n\t\t\t\t\t\t\t\t<div class=\"vri-list-item-descr\">\r\n\t\t\t\t\t<span class=\"vrilistitemname\">Tela 2,40 x 1,80<\/span>\r\n\t\t\t\t\t<span class=\"vrilistitemcat\">Telas<\/span>\r\n\t\t\t\t\t<div class=\"vrilistitemdescr\">\r\n\t\t\t\t\t\t<p>Tela Mapa Grande 2,40 x 1,80 120\" - Acompanha 2 Trip\u00e9s.<\/p>\n\t\t\t\t\t<\/div>\r\n\t\t\t\t\t\t\t\t<\/div>\r\n\t\t\t<\/div>\r\n\t\t\t<div class=\"vri-list-item-cont\">\r\n\t\t\t\t<div class=\"vrilistcostdivcont\">\r\n\t\t\t\t\t\t\t\t\t\t<div class=\"vrilistdivcost\">\r\n\t\t\t\t\t\t<span class=\"vriliststartfrom\">A Partir De<\/span>\r\n\t\t\t\t\t\t<span class=\"item_cost\">R$ 99,00<\/span>\r\n\t\t\t\t\t\t<span class=\"vriliststartfromtext\">Por Dia<\/span>\r\n\t\t\t\t\t<\/div>\r\n\t\t\t\t\t\t\t\t\t\t<span class=\"vrilistgoonlist\"><a href=\"https:\/\/infomesq.com.br\/aluguel\/telas\/tela-2-40-x-1-80\/\">SAIBA MAIS<\/a><\/span>\r\n\t\t\t\t<\/div>\r\n\t\t\t<\/div>\r\n\t\t<\/div>\r\n\t\t\t<div class=\"vri-list-item-block\">\r\n\t\t\t<div class=\"vri-list-item-inner\">\r\n\t\t\t\t\t\t\t<div class=\"vri-list-item-img\">\r\n\t\t\t\t\t<img decoding=\"async\" src=\"https:\/\/infomesq.com.br\/aluguel\/wp-content\/plugins\/vikrentitems\/admin\/resources\/vthumb_tela-200x150.jpg\" alt=\"\" class=\"vrilistimg\"\/>\r\n\t\t\t\t<\/div>\r\n\t\t\t\t\t\t\t\t<div class=\"vri-list-item-descr\">\r\n\t\t\t\t\t<span class=\"vrilistitemname\">Tela 2,00 x 1,50<\/span>\r\n\t\t\t\t\t<span class=\"vrilistitemcat\">Telas<\/span>\r\n\t\t\t\t\t<div class=\"vrilistitemdescr\">\r\n\t\t\t\t\t\t<p>Tela de Proje\u00e7\u00e3o 2,00 x 1,50<\/p>\n\t\t\t\t\t<\/div>\r\n\t\t\t\t\t\t\t\t<\/div>\r\n\t\t\t<\/div>\r\n\t\t\t<div class=\"vri-list-item-cont\">\r\n\t\t\t\t<div class=\"vrilistcostdivcont\">\r\n\t\t\t\t\t\t\t\t\t\t<div class=\"vrilistdivcost\">\r\n\t\t\t\t\t\t<span class=\"vriliststartfrom\">A Partir De<\/span>\r\n\t\t\t\t\t\t<span class=\"item_cost\">R$ 99,00<\/span>\r\n\t\t\t\t\t\t<span class=\"vriliststartfromtext\">Valor por Dia<\/span>\r\n\t\t\t\t\t<\/div>\r\n\t\t\t\t\t\t\t\t\t\t<span class=\"vrilistgoonlist\"><a href=\"https:\/\/infomesq.com.br\/aluguel\/laser\/?elemid=130\">SAIBA MAIS<\/a><\/span>\r\n\t\t\t\t<\/div>\r\n\t\t\t<\/div>\r\n\t\t<\/div>\r\n\t\t\t<div class=\"vri-list-item-block vri-list-item-kit-block\">\r\n\t\t\t<div class=\"vri-list-item-inner\">\r\n\t\t\t\t\t\t\t<div class=\"vri-list-item-img\">\r\n\t\t\t\t\t<img decoding=\"async\" src=\"https:\/\/infomesq.com.br\/aluguel\/wp-content\/plugins\/vikrentitems\/admin\/resources\/vthumb_kit-tela150x150-projetor.jpg\" alt=\"\" class=\"vrilistimg\"\/>\r\n\t\t\t\t<\/div>\r\n\t\t\t\t\t\t\t\t<div class=\"vri-list-item-descr\">\r\n\t\t\t\t\t<span class=\"vrilistitemname\">Kit Projetor Epson S10 e Tela 1,50<\/span>\r\n\t\t\t\t\t<span class=\"vrilistitemcat\">Projetores, Telas<\/span>\r\n\t\t\t\t\t<div class=\"vrilistitemdescr\">\r\n\t\t\t\t\t\t<p>Equipamento indicado para eventos infantis, Projetor n\u00e3o possui HDMI, somente entrada VGA.<\/p>\n\t\t\t\t\t<\/div>\r\n\t\t\t\t\t\t\t\t<\/div>\r\n\t\t\t<\/div>\r\n\t\t\t<div class=\"vri-list-item-cont\">\r\n\t\t\t\t<div class=\"vrilistcostdivcont\">\r\n\t\t\t\t\t\t\t\t\t\t<div class=\"vrilistdivcost\">\r\n\t\t\t\t\t\t<span class=\"vriliststartfrom\">A Partir De<\/span>\r\n\t\t\t\t\t\t<span class=\"item_cost\">R$ 152,90<\/span>\r\n\t\t\t\t\t\t<span class=\"vriliststartfromtext\">Por Dia<\/span>\r\n\t\t\t\t\t<\/div>\r\n\t\t\t\t\t\t\t\t\t\t<span class=\"vrilistgoonlist\"><a href=\"https:\/\/infomesq.com.br\/aluguel\/projetores\/kit-projetor-tela\/\">SAIBA MAIS<\/a><\/span>\r\n\t\t\t\t<\/div>\r\n\t\t\t<\/div>\r\n\t\t<\/div>\r\n\t\t\t<div class=\"vri-list-item-block\">\r\n\t\t\t<div class=\"vri-list-item-inner\">\r\n\t\t\t\t\t\t\t<div class=\"vri-list-item-img\">\r\n\t\t\t\t\t<img decoding=\"async\" src=\"https:\/\/infomesq.com.br\/aluguel\/wp-content\/plugins\/vikrentitems\/admin\/resources\/vthumb_tela-retratil-2m.jpg\" alt=\"\" class=\"vrilistimg\"\/>\r\n\t\t\t\t<\/div>\r\n\t\t\t\t\t\t\t\t<div class=\"vri-list-item-descr\">\r\n\t\t\t\t\t<span class=\"vrilistitemname\">Tela 2,00 x 1,80 R<\/span>\r\n\t\t\t\t\t<span class=\"vrilistitemcat\">Telas<\/span>\r\n\t\t\t\t\t<div class=\"vrilistitemdescr\">\r\n\t\t\t\t\t\t<p>Tela Retr\u00e1til 2,00 x 1,80  - Trip\u00e9 Incluso<\/p>\n\t\t\t\t\t<\/div>\r\n\t\t\t\t\t\t\t\t<\/div>\r\n\t\t\t<\/div>\r\n\t\t\t<div class=\"vri-list-item-cont\">\r\n\t\t\t\t<div class=\"vrilistcostdivcont\">\r\n\t\t\t\t\t\t\t\t\t\t<div class=\"vrilistdivcost\">\r\n\t\t\t\t\t\t<span class=\"vriliststartfrom\">A Partir De<\/span>\r\n\t\t\t\t\t\t<span class=\"item_cost\">R$ 160,00<\/span>\r\n\t\t\t\t\t\t<span class=\"vriliststartfromtext\">Por Dia<\/span>\r\n\t\t\t\t\t<\/div>\r\n\t\t\t\t\t\t\t\t\t\t<span class=\"vrilistgoonlist\"><a href=\"https:\/\/infomesq.com.br\/aluguel\/telas\/tela-retratil-200-x-180\/\">SAIBA MAIS<\/a><\/span>\r\n\t\t\t\t<\/div>\r\n\t\t\t<\/div>\r\n\t\t<\/div>\r\n\t\t\t<div class=\"vri-list-item-block\">\r\n\t\t\t<div class=\"vri-list-item-inner\">\r\n\t\t\t\t\t\t\t<div class=\"vri-list-item-img\">\r\n\t\t\t\t\t<img decoding=\"async\" src=\"https:\/\/infomesq.com.br\/aluguel\/wp-content\/plugins\/vikrentitems\/admin\/resources\/vthumb_2tela-240x180.jpg\" alt=\"\" class=\"vrilistimg\"\/>\r\n\t\t\t\t<\/div>\r\n\t\t\t\t\t\t\t\t<div class=\"vri-list-item-descr\">\r\n\t\t\t\t\t<span class=\"vrilistitemname\">Tela Translucida 2,40 x 1,80<\/span>\r\n\t\t\t\t\t<span class=\"vrilistitemcat\">Telas<\/span>\r\n\t\t\t\t\t<div class=\"vrilistitemdescr\">\r\n\t\t\t\t\t\t<p>Tela Translucida 2,40 x 1,80<br \/>\nFormato: 4:3<br \/>\nTamanho em Polegadas: 120\"<\/p>\n\t\t\t\t\t<\/div>\r\n\t\t\t\t\t\t\t\t<\/div>\r\n\t\t\t<\/div>\r\n\t\t\t<div class=\"vri-list-item-cont\">\r\n\t\t\t\t<div class=\"vrilistcostdivcont\">\r\n\t\t\t\t\t\t\t\t\t\t<div class=\"vrilistdivcost\">\r\n\t\t\t\t\t\t<span class=\"vriliststartfrom\">A Partir De<\/span>\r\n\t\t\t\t\t\t<span class=\"item_cost\">R$ 165,00<\/span>\r\n\t\t\t\t\t\t<span class=\"vriliststartfromtext\">Por Dia<\/span>\r\n\t\t\t\t\t<\/div>\r\n\t\t\t\t\t\t\t\t\t\t<span class=\"vrilistgoonlist\"><a href=\"https:\/\/infomesq.com.br\/aluguel\/telas\/tela-translucida-2-40-x-1-80\/\">SAIBA MAIS<\/a><\/span>\r\n\t\t\t\t<\/div>\r\n\t\t\t<\/div>\r\n\t\t<\/div>\r\n\t\t\t<div class=\"vri-list-item-block\">\r\n\t\t\t<div class=\"vri-list-item-inner\">\r\n\t\t\t\t\t\t\t<div class=\"vri-list-item-img\">\r\n\t\t\t\t\t<img decoding=\"async\" src=\"https:\/\/infomesq.com.br\/aluguel\/wp-content\/plugins\/vikrentitems\/admin\/resources\/vthumb_1tela-240x180.jpg\" alt=\"\" class=\"vrilistimg\"\/>\r\n\t\t\t\t<\/div>\r\n\t\t\t\t\t\t\t\t<div class=\"vri-list-item-descr\">\r\n\t\t\t\t\t<span class=\"vrilistitemname\">Tela 2,40 x 1,80 Viso<\/span>\r\n\t\t\t\t\t<span class=\"vrilistitemcat\">Telas<\/span>\r\n\t\t\t\t\t<div class=\"vrilistitemdescr\">\r\n\t\t\t\t\t\t<p>Tela Mapa Grande 2,40 x 1,80 120\" - Acompanha 2 Trip\u00e9s.<\/p>\n\t\t\t\t\t<\/div>\r\n\t\t\t\t\t\t\t\t<\/div>\r\n\t\t\t<\/div>\r\n\t\t\t<div class=\"vri-list-item-cont\">\r\n\t\t\t\t<div class=\"vrilistcostdivcont\">\r\n\t\t\t\t\t\t\t\t\t\t<div class=\"vrilistdivcost\">\r\n\t\t\t\t\t\t<span class=\"vriliststartfrom\">A Partir De<\/span>\r\n\t\t\t\t\t\t<span class=\"item_cost\">R$ 180,00<\/span>\r\n\t\t\t\t\t\t<span class=\"vriliststartfromtext\">Por Dia<\/span>\r\n\t\t\t\t\t<\/div>\r\n\t\t\t\t\t\t\t\t\t\t<span class=\"vrilistgoonlist\"><a href=\"https:\/\/infomesq.com.br\/aluguel\/laser\/?elemid=99\">SAIBA MAIS<\/a><\/span>\r\n\t\t\t\t<\/div>\r\n\t\t\t<\/div>\r\n\t\t<\/div>\r\n\t\t\t<div class=\"vri-list-item-block vri-list-item-kit-block\">\r\n\t\t\t<div class=\"vri-list-item-inner\">\r\n\t\t\t\t\t\t\t<div class=\"vri-list-item-img\">\r\n\t\t\t\t\t<img decoding=\"async\" src=\"https:\/\/infomesq.com.br\/aluguel\/wp-content\/plugins\/vikrentitems\/admin\/resources\/vthumb_kit-tela240x180-projetor.jpg\" alt=\"\" class=\"vrilistimg\"\/>\r\n\t\t\t\t<\/div>\r\n\t\t\t\t\t\t\t\t<div class=\"vri-list-item-descr\">\r\n\t\t\t\t\t<span class=\"vrilistitemname\">Kit Projetor BenQ MS524 e Tela 2,40x1,80<\/span>\r\n\t\t\t\t\t<span class=\"vrilistitemcat\">Projetores, Telas<\/span>\r\n\t\t\t\t\t<div class=\"vrilistitemdescr\">\r\n\t\t\t\t\t\t\t\t\t\t\t<\/div>\r\n\t\t\t\t\t\t\t\t<\/div>\r\n\t\t\t<\/div>\r\n\t\t\t<div class=\"vri-list-item-cont\">\r\n\t\t\t\t<div class=\"vrilistcostdivcont\">\r\n\t\t\t\t\t\t\t\t\t\t<div class=\"vrilistdivcost\">\r\n\t\t\t\t\t\t<span class=\"vriliststartfrom\">A Partir De<\/span>\r\n\t\t\t\t\t\t<span class=\"item_cost\">R$ 237,50<\/span>\r\n\t\t\t\t\t\t<span class=\"vriliststartfromtext\">Por Dia<\/span>\r\n\t\t\t\t\t<\/div>\r\n\t\t\t\t\t\t\t\t\t\t<span class=\"vrilistgoonlist\"><a href=\"https:\/\/infomesq.com.br\/aluguel\/projetores\/kit-projetor-benq-ms524-e-tela-240x180\/\">SAIBA MAIS<\/a><\/span>\r\n\t\t\t\t<\/div>\r\n\t\t\t<\/div>\r\n\t\t<\/div>\r\n\t\t\t<div class=\"vri-list-item-block\">\r\n\t\t\t<div class=\"vri-list-item-inner\">\r\n\t\t\t\t\t\t\t<div class=\"vri-list-item-img\">\r\n\t\t\t\t\t<img decoding=\"async\" src=\"https:\/\/infomesq.com.br\/aluguel\/wp-content\/plugins\/vikrentitems\/admin\/resources\/vthumb_tela-350x200.jpg\" alt=\"\" class=\"vrilistimg\"\/>\r\n\t\t\t\t<\/div>\r\n\t\t\t\t\t\t\t\t<div class=\"vri-list-item-descr\">\r\n\t\t\t\t\t<span class=\"vrilistitemname\">Tela Gigante Widescreen 3,50 x 2,00<\/span>\r\n\t\t\t\t\t<span class=\"vrilistitemcat\">Telas<\/span>\r\n\t\t\t\t\t<div class=\"vrilistitemdescr\">\r\n\t\t\t\t\t\t<p>Tela Gigante Widescreen 3,5 x 2,00 - 160\" Acompanha 2 Trip\u00e9s.<\/p>\n\t\t\t\t\t<\/div>\r\n\t\t\t\t\t\t\t\t<\/div>\r\n\t\t\t<\/div>\r\n\t\t\t<div class=\"vri-list-item-cont\">\r\n\t\t\t\t<div class=\"vrilistcostdivcont\">\r\n\t\t\t\t\t\t\t\t\t\t<div class=\"vrilistdivcost\">\r\n\t\t\t\t\t\t<span class=\"vriliststartfrom\">A Partir De<\/span>\r\n\t\t\t\t\t\t<span class=\"item_cost\">R$ 290,00<\/span>\r\n\t\t\t\t\t\t<span class=\"vriliststartfromtext\">Por Dia<\/span>\r\n\t\t\t\t\t<\/div>\r\n\t\t\t\t\t\t\t\t\t\t<span class=\"vrilistgoonlist\"><a href=\"https:\/\/infomesq.com.br\/aluguel\/telas\/tela-grande-3-00-x-2-25\/\">SAIBA MAIS<\/a><\/span>\r\n\t\t\t\t<\/div>\r\n\t\t\t<\/div>\r\n\t\t<\/div>\r\n\t\t<\/div>\r\n\r\n<\/div>\r\n\n<\/div>\n<\/div>\n","protected":false},"excerpt":{"rendered":"","protected":false},"author":1,"featured_media":0,"parent":0,"menu_order":0,"comment_status":"closed","ping_status":"closed","template":"","meta":{"zakra_page_container_layout":"customizer","zakra_page_sidebar_layout":"customizer","zakra_remove_content_margin":false,"zakra_sidebar":"customizer","zakra_transparent_header":"customizer","zakra_logo":0,"zakra_main_header_style":"default","zakra_menu_item_color":"","zakra_menu_item_hover_color":"","zakra_menu_item_active_color":"","zakra_menu_active_style":"","zakra_page_header":true,"_joinchat":[],"footnotes":""},"class_list":["post-1516","page","type-page","status-publish","hentry"],"_links":{"self":[{"href":"https:\/\/infomesq.com.br\/aluguel\/wp-json\/wp\/v2\/pages\/1516","targetHints":{"allow":["GET"]}}],"collection":[{"href":"https:\/\/infomesq.com.br\/aluguel\/wp-json\/wp\/v2\/pages"}],"about":[{"href":"https:\/\/infomesq.com.br\/aluguel\/wp-json\/wp\/v2\/types\/page"}],"author":[{"embeddable":true,"href":"https:\/\/infomesq.com.br\/aluguel\/wp-json\/wp\/v2\/users\/1"}],"replies":[{"embeddable":true,"href":"https:\/\/infomesq.com.br\/aluguel\/wp-json\/wp\/v2\/comments?post=1516"}],"version-history":[{"count":0,"href":"https:\/\/infomesq.com.br\/aluguel\/wp-json\/wp\/v2\/pages\/1516\/revisions"}],"wp:attachment":[{"href":"https:\/\/infomesq.com.br\/aluguel\/wp-json\/wp\/v2\/media?parent=1516"}],"curies":[{"name":"wp","href":"https:\/\/api.w.org\/{rel}","templated":true}]}}